{"id":32,"date":"2023-02-14T06:40:33","date_gmt":"2023-02-14T06:40:33","guid":{"rendered":"https:\/\/devw.ultragenyx.com\/pe\/?page_id=32"},"modified":"2025-07-07T14:57:44","modified_gmt":"2025-07-07T14:57:44","slug":"home","status":"publish","type":"page","link":"https:\/\/www.ultragenyx.com\/pe\/","title":{"rendered":"Home"},"content":{"rendered":"\n<div class=\"wp-block-group alignfull banner-home has-green-to-purple-gradient-background has-background is-layout-flow wp-block-group-is-layout-flow\" style=\"padding-top:0px;padding-right:0px;padding-bottom:0px;padding-left:0px\">\n<div class=\"wp-block-cover alignfull is-light d-none d-lg-flex banner-desk\" style=\"padding-top:0px;padding-right:0px;padding-bottom:0px;padding-left:0px;min-height:530px;aspect-ratio:unset;\"><span aria-hidden=\"true\" class=\"wp-block-cover__background has-background-dim-0 has-background-dim\"><\/span><img loading=\"lazy\" decoding=\"async\" width=\"1699\" height=\"530\" class=\"wp-block-cover__image-background wp-image-327\" alt=\"\" src=\"https:\/\/www.ultragenyx.com\/pe\/wp-content\/uploads\/sites\/7\/2023\/04\/Header_home.png\" data-object-fit=\"cover\"\/><div class=\"wp-block-cover__inner-container is-layout-flow wp-block-cover-is-layout-flow\">\n<div class=\"wp-block-group container is-layout-constrained wp-block-group-is-layout-constrained\">\n<div class=\"wp-block-columns is-not-stacked-on-mobile is-layout-flex wp-container-core-columns-is-layout-f0d70107 wp-block-columns-is-layout-flex\" style=\"margin-top:0px;margin-bottom:0px\">\n<div class=\"wp-block-column is-layout-flow wp-block-column-is-layout-flow\">\n<h1 class=\"wp-block-heading\" style=\"margin-top:0px;margin-right:0px;margin-bottom:0px;margin-left:0px\">Liderando el futuro de <br>los medicamentos para enfermedades raras para  pacientes<br> como Mason<\/h1>\n<\/div>\n\n\n\n<div class=\"wp-block-column is-layout-flow wp-block-column-is-layout-flow\"><\/div>\n<\/div>\n<\/div>\n<\/div><\/div>\n\n\n\n<div class=\"wp-block-cover alignfull is-light d-lg-none banner-mob\" style=\"padding-top:0px;padding-right:0px;padding-bottom:0px;padding-left:0px;min-height:530px;aspect-ratio:unset;\"><span aria-hidden=\"true\" class=\"wp-block-cover__background has-background-dim-0 has-background-dim\"><\/span><img loading=\"lazy\" decoding=\"async\" width=\"750\" height=\"838\" class=\"wp-block-cover__image-background wp-image-314\" alt=\"\" src=\"https:\/\/www.ultragenyx.com\/pe\/wp-content\/uploads\/sites\/7\/2023\/04\/Mason_mobile_header.png\" data-object-fit=\"cover\"\/><div class=\"wp-block-cover__inner-container is-layout-flow wp-block-cover-is-layout-flow\">\n<div class=\"wp-block-group container is-layout-constrained wp-block-group-is-layout-constrained\">\n<div class=\"wp-block-columns is-layout-flex wp-container-core-columns-is-layout-f0d70107 wp-block-columns-is-layout-flex\" style=\"margin-top:0px;margin-bottom:0px\">\n<div class=\"wp-block-column is-layout-flow wp-block-column-is-layout-flow\">\n<h1 class=\"wp-block-heading\" style=\"margin-top:0px;margin-right:0px;margin-bottom:0px;margin-left:0px\">Liderando el futuro de los medicamentos para enfermedades raras para pacientes como Mason<\/h1>\n<\/div>\n\n\n\n<div class=\"wp-block-column is-layout-flow wp-block-column-is-layout-flow\"><\/div>\n<\/div>\n<\/div>\n<\/div><\/div>\n<\/div>\n\n\n\n<div class=\"wp-block-group alignfull section-padding home-product-bx is-layout-flow wp-block-group-is-layout-flow\">\n<div class=\"wp-block-group container is-layout-constrained wp-block-group-is-layout-constrained\">\n<h2 class=\"wp-block-heading\" style=\"margin-bottom:20px\">Acerca de nosotros<\/h2>\n\n\n\n<p style=\"margin-bottom:60px\">Ultragenyx ofrece nuevos productos a personas que viven con enfermedades raras y ultrararas, centr\u00e1ndose en las enfermedades gen\u00e9ticas debilitantes. Desde su fundaci\u00f3n en 2010, la compa\u00f1\u00eda ha construido r\u00e1pidamente un diverso portafolio de terapias y productos aprobados dirigidos a enfermedades con una alta necesidad m\u00e9dica insatisfecha muchas de las cuales no tienen terapias aprobadas.<\/p>\n\n\n\n<div class=\"wp-block-columns are-vertically-aligned-center is-layout-flex wp-container-core-columns-is-layout-35db0c0e wp-block-columns-is-layout-flex\" style=\"margin-top:0px;margin-bottom:0px;padding-right:23%;padding-left:23%\">\n<div class=\"wp-block-column is-vertically-aligned-center is-layout-flow wp-block-column-is-layout-flow\" style=\"flex-basis:33.33%\">\n<figure class=\"wp-block-image size-full is-resized\"><img decoding=\"async\" src=\"https:\/\/www.ultragenyx.com\/pe\/wp-content\/uploads\/sites\/7\/2023\/02\/product-homepage.png\" alt=\"Our products molecule\" class=\"wp-image-206\" width=\"189\"\/><\/figure>\n<\/div>\n\n\n\n<div class=\"wp-block-column is-vertically-aligned-center is-layout-flow wp-block-column-is-layout-flow\" style=\"flex-basis:66.66%\">\n<h2 class=\"wp-block-heading\" style=\"margin-bottom:25px\">Nuestros productos<\/h2>\n\n\n\n<p style=\"margin-bottom:20px\">Desarrollar terapias innovadoras para pacientes con enfermedades gen\u00e9ticas raras y ultrararas graves.<\/p>\n\n\n\n<p class=\"cta-left-icon modal-hcp\"><a href=\"https:\/\/www.ultragenyx.com\/pe\/our-products\/\">M\u00e1s informaci\u00f3n<\/a><\/p>\n<\/div>\n<\/div>\n<\/div>\n<\/div>\n\n\n\n<div class=\"wp-block-group alignfull section-padding home-testimonial home-testimonial-texture has-gray-2-background-color has-background is-layout-flow wp-block-group-is-layout-flow\" style=\"padding-right:0px;padding-left:0px\">\n<div class=\"wp-block-group container is-layout-constrained wp-block-group-is-layout-constrained\">\n<div class=\"wp-block-columns is-layout-flex wp-container-core-columns-is-layout-13e2ef3f wp-block-columns-is-layout-flex\">\n<div class=\"wp-block-column is-layout-flow wp-block-column-is-layout-flow\" style=\"flex-basis:26.5%\">\n<figure class=\"wp-block-image size-full\"><img loading=\"lazy\" decoding=\"async\" width=\"600\" height=\"358\" src=\"https:\/\/www.ultragenyx.com\/pe\/wp-content\/uploads\/sites\/7\/2023\/02\/emil-kakkis.png\" alt=\"\" class=\"wp-image-205\"\/><\/figure>\n<\/div>\n\n\n\n<div class=\"wp-block-column is-layout-flow wp-block-column-is-layout-flow\" style=\"flex-basis:73.5%\">\n<p class=\"testimonial-txt\" style=\"margin-bottom:30px;font-size:22px;font-style:italic;font-weight:400;line-height:1.2\">\u201cUltragenyx fue fundada para crear una l\u00ednea continua de terapias nuevas y eficaces para pacientes con enfermedades raras y ultrararas. Estamos convencidos de que lograremos este objetivo al cultivar una cultura centrada en las personas y que priorice a las comunidades de pacientes y a nuestros empleados como el centro de nuestro enfoque y nuestra misi\u00f3n\u201d.<\/p>\n\n\n\n<p class=\"author-txt\" style=\"font-size:18px;line-height:1.2\"><strong>Emil D. Kakkis, M.D., Ph.D.<\/strong><br>Presidente y CEO<\/p>\n<\/div>\n<\/div>\n<\/div>\n<\/div>\n\n\n\n<div class=\"wp-block-group alignfull d-none section-padding is-layout-flow wp-block-group-is-layout-flow\">\n<div class=\"wp-block-group container is-layout-constrained wp-block-group-is-layout-constrained\">\n<h2 class=\"has-text-align-center wp-block-heading\" style=\"margin-bottom:30px\">Las \u00faltimas noticias<\/h2>\n\n\n\n<p class=\"has-text-align-center cta-left-icon\"><a href=\"#\" target=\"_blank\" rel=\"noreferrer noopener\">Leer m\u00e1s<\/a><\/p>\n<\/div>\n<\/div>\n\n\n\n<div class=\"wp-block-group alignfull section-padding has-background-background-color has-background is-layout-flow wp-block-group-is-layout-flow\" style=\"padding-right:0px;padding-left:0px\">\n<div class=\"wp-block-group container is-layout-constrained wp-block-group-is-layout-constrained\">\n<h2 class=\"wp-block-heading\" style=\"margin-bottom:15px\">Consultas<\/h2>\n\n\n\n<p class=\"email-icon\" style=\"font-style:normal;font-weight:400\"><a href=\"mailto:info@ultragenyx.com\">info@ultragenyx.com<\/a><\/p>\n<\/div>\n<\/div>\n","protected":false},"excerpt":{"rendered":"<p>Acerca de nosotros Ultragenyx ofrece nuevos productos a personas que viven con enfermedades raras y ultrararas, centr\u00e1ndose en las enfermedades gen\u00e9ticas debilitantes. Desde su fundaci\u00f3n en 2010, la compa\u00f1\u00eda ha construido r\u00e1pidamente un diverso portafolio de terapias y productos aprobados dirigidos a enfermedades con una alta necesidad m\u00e9dica insatisfecha muchas de las cuales no tienen [&hellip;]<\/p>\n","protected":false},"author":1,"featured_media":0,"parent":0,"menu_order":0,"comment_status":"closed","ping_status":"closed","template":"","meta":{"_acf_changed":false,"footnotes":""},"class_list":["post-32","page","type-page","status-publish","hentry"],"acf":[],"yoast_head":"<!-- This site is optimized with the Yoast SEO plugin v26.8 - https:\/\/yoast.com\/product\/yoast-seo-wordpress\/ -->\n<title>Home - Ultragenyx Peru<\/title>\n<meta name=\"robots\" content=\"index, follow, max-snippet:-1, max-image-preview:large, max-video-preview:-1\" \/>\n<link rel=\"canonical\" href=\"https:\/\/www.ultragenyx.com\/pe\/\" \/>\n<meta property=\"og:locale\" content=\"en_US\" \/>\n<meta property=\"og:type\" content=\"article\" \/>\n<meta property=\"og:title\" content=\"Home - Ultragenyx Peru\" \/>\n<meta property=\"og:description\" content=\"Acerca de nosotros Ultragenyx ofrece nuevos productos a personas que viven con enfermedades raras y ultrararas, centr\u00e1ndose en las enfermedades gen\u00e9ticas debilitantes. Desde su fundaci\u00f3n en 2010, la compa\u00f1\u00eda ha construido r\u00e1pidamente un diverso portafolio de terapias y productos aprobados dirigidos a enfermedades con una alta necesidad m\u00e9dica insatisfecha muchas de las cuales no tienen [&hellip;]\" \/>\n<meta property=\"og:url\" content=\"https:\/\/www.ultragenyx.com\/pe\/\" \/>\n<meta property=\"og:site_name\" content=\"Ultragenyx Peru\" \/>\n<meta property=\"article:modified_time\" content=\"2025-07-07T14:57:44+00:00\" \/>\n<meta property=\"og:image\" content=\"https:\/\/www.ultragenyx.com\/pe\/wp-content\/uploads\/sites\/7\/2023\/04\/Header_home.png\" \/>\n\t<meta property=\"og:image:width\" content=\"1699\" \/>\n\t<meta property=\"og:image:height\" content=\"530\" \/>\n\t<meta property=\"og:image:type\" content=\"image\/png\" \/>\n<meta name=\"twitter:card\" content=\"summary_large_image\" \/>\n<meta name=\"twitter:label1\" content=\"Est. reading time\" \/>\n\t<meta name=\"twitter:data1\" content=\"2 minutes\" \/>\n<script type=\"application\/ld+json\" class=\"yoast-schema-graph\">{\"@context\":\"https:\/\/schema.org\",\"@graph\":[{\"@type\":\"WebPage\",\"@id\":\"https:\/\/www.ultragenyx.com\/pe\/\",\"url\":\"https:\/\/www.ultragenyx.com\/pe\/\",\"name\":\"Home - Ultragenyx Peru\",\"isPartOf\":{\"@id\":\"https:\/\/www.ultragenyx.com\/pe\/#website\"},\"primaryImageOfPage\":{\"@id\":\"https:\/\/www.ultragenyx.com\/pe\/#primaryimage\"},\"image\":{\"@id\":\"https:\/\/www.ultragenyx.com\/pe\/#primaryimage\"},\"thumbnailUrl\":\"https:\/\/www.ultragenyx.com\/pe\/wp-content\/uploads\/sites\/7\/2023\/04\/Header_home.png\",\"datePublished\":\"2023-02-14T06:40:33+00:00\",\"dateModified\":\"2025-07-07T14:57:44+00:00\",\"breadcrumb\":{\"@id\":\"https:\/\/www.ultragenyx.com\/pe\/#breadcrumb\"},\"inLanguage\":\"en-US\",\"potentialAction\":[{\"@type\":\"ReadAction\",\"target\":[\"https:\/\/www.ultragenyx.com\/pe\/\"]}]},{\"@type\":\"ImageObject\",\"inLanguage\":\"en-US\",\"@id\":\"https:\/\/www.ultragenyx.com\/pe\/#primaryimage\",\"url\":\"https:\/\/www.ultragenyx.com\/pe\/wp-content\/uploads\/sites\/7\/2023\/04\/Header_home.png\",\"contentUrl\":\"https:\/\/www.ultragenyx.com\/pe\/wp-content\/uploads\/sites\/7\/2023\/04\/Header_home.png\",\"width\":1699,\"height\":530},{\"@type\":\"BreadcrumbList\",\"@id\":\"https:\/\/www.ultragenyx.com\/pe\/#breadcrumb\",\"itemListElement\":[{\"@type\":\"ListItem\",\"position\":1,\"name\":\"Home\",\"item\":\"https:\/\/www.ultragenyx.com\/pe\/\"},{\"@type\":\"ListItem\",\"position\":2,\"name\":\"Home\"}]},{\"@type\":\"WebSite\",\"@id\":\"https:\/\/www.ultragenyx.com\/pe\/#website\",\"url\":\"https:\/\/www.ultragenyx.com\/pe\/\",\"name\":\"Ultragenyx Peru\",\"description\":\"\",\"publisher\":{\"@id\":\"https:\/\/www.ultragenyx.com\/pe\/#organization\"},\"potentialAction\":[{\"@type\":\"SearchAction\",\"target\":{\"@type\":\"EntryPoint\",\"urlTemplate\":\"https:\/\/www.ultragenyx.com\/pe\/?s={search_term_string}\"},\"query-input\":{\"@type\":\"PropertyValueSpecification\",\"valueRequired\":true,\"valueName\":\"search_term_string\"}}],\"inLanguage\":\"en-US\"},{\"@type\":\"Organization\",\"@id\":\"https:\/\/www.ultragenyx.com\/pe\/#organization\",\"name\":\"Ultragenyx Peru\",\"url\":\"https:\/\/www.ultragenyx.com\/pe\/\",\"logo\":{\"@type\":\"ImageObject\",\"inLanguage\":\"en-US\",\"@id\":\"https:\/\/www.ultragenyx.com\/pe\/#\/schema\/logo\/image\/\",\"url\":\"https:\/\/www.ultragenyx.com\/pe\/wp-content\/uploads\/sites\/7\/2023\/02\/ultragenyx-logo.png\",\"contentUrl\":\"https:\/\/www.ultragenyx.com\/pe\/wp-content\/uploads\/sites\/7\/2023\/02\/ultragenyx-logo.png\",\"width\":1000,\"height\":374,\"caption\":\"Ultragenyx Peru\"},\"image\":{\"@id\":\"https:\/\/www.ultragenyx.com\/pe\/#\/schema\/logo\/image\/\"}}]}<\/script>\n<!-- \/ Yoast SEO plugin. -->","yoast_head_json":{"title":"Home - Ultragenyx Peru","robots":{"index":"index","follow":"follow","max-snippet":"max-snippet:-1","max-image-preview":"max-image-preview:large","max-video-preview":"max-video-preview:-1"},"canonical":"https:\/\/www.ultragenyx.com\/pe\/","og_locale":"en_US","og_type":"article","og_title":"Home - Ultragenyx Peru","og_description":"Acerca de nosotros Ultragenyx ofrece nuevos productos a personas que viven con enfermedades raras y ultrararas, centr\u00e1ndose en las enfermedades gen\u00e9ticas debilitantes. Desde su fundaci\u00f3n en 2010, la compa\u00f1\u00eda ha construido r\u00e1pidamente un diverso portafolio de terapias y productos aprobados dirigidos a enfermedades con una alta necesidad m\u00e9dica insatisfecha muchas de las cuales no tienen [&hellip;]","og_url":"https:\/\/www.ultragenyx.com\/pe\/","og_site_name":"Ultragenyx Peru","article_modified_time":"2025-07-07T14:57:44+00:00","og_image":[{"width":1699,"height":530,"url":"https:\/\/www.ultragenyx.com\/pe\/wp-content\/uploads\/sites\/7\/2023\/04\/Header_home.png","type":"image\/png"}],"twitter_card":"summary_large_image","twitter_misc":{"Est. reading time":"2 minutes"},"schema":{"@context":"https:\/\/schema.org","@graph":[{"@type":"WebPage","@id":"https:\/\/www.ultragenyx.com\/pe\/","url":"https:\/\/www.ultragenyx.com\/pe\/","name":"Home - Ultragenyx Peru","isPartOf":{"@id":"https:\/\/www.ultragenyx.com\/pe\/#website"},"primaryImageOfPage":{"@id":"https:\/\/www.ultragenyx.com\/pe\/#primaryimage"},"image":{"@id":"https:\/\/www.ultragenyx.com\/pe\/#primaryimage"},"thumbnailUrl":"https:\/\/www.ultragenyx.com\/pe\/wp-content\/uploads\/sites\/7\/2023\/04\/Header_home.png","datePublished":"2023-02-14T06:40:33+00:00","dateModified":"2025-07-07T14:57:44+00:00","breadcrumb":{"@id":"https:\/\/www.ultragenyx.com\/pe\/#breadcrumb"},"inLanguage":"en-US","potentialAction":[{"@type":"ReadAction","target":["https:\/\/www.ultragenyx.com\/pe\/"]}]},{"@type":"ImageObject","inLanguage":"en-US","@id":"https:\/\/www.ultragenyx.com\/pe\/#primaryimage","url":"https:\/\/www.ultragenyx.com\/pe\/wp-content\/uploads\/sites\/7\/2023\/04\/Header_home.png","contentUrl":"https:\/\/www.ultragenyx.com\/pe\/wp-content\/uploads\/sites\/7\/2023\/04\/Header_home.png","width":1699,"height":530},{"@type":"BreadcrumbList","@id":"https:\/\/www.ultragenyx.com\/pe\/#breadcrumb","itemListElement":[{"@type":"ListItem","position":1,"name":"Home","item":"https:\/\/www.ultragenyx.com\/pe\/"},{"@type":"ListItem","position":2,"name":"Home"}]},{"@type":"WebSite","@id":"https:\/\/www.ultragenyx.com\/pe\/#website","url":"https:\/\/www.ultragenyx.com\/pe\/","name":"Ultragenyx Peru","description":"","publisher":{"@id":"https:\/\/www.ultragenyx.com\/pe\/#organization"},"potentialAction":[{"@type":"SearchAction","target":{"@type":"EntryPoint","urlTemplate":"https:\/\/www.ultragenyx.com\/pe\/?s={search_term_string}"},"query-input":{"@type":"PropertyValueSpecification","valueRequired":true,"valueName":"search_term_string"}}],"inLanguage":"en-US"},{"@type":"Organization","@id":"https:\/\/www.ultragenyx.com\/pe\/#organization","name":"Ultragenyx Peru","url":"https:\/\/www.ultragenyx.com\/pe\/","logo":{"@type":"ImageObject","inLanguage":"en-US","@id":"https:\/\/www.ultragenyx.com\/pe\/#\/schema\/logo\/image\/","url":"https:\/\/www.ultragenyx.com\/pe\/wp-content\/uploads\/sites\/7\/2023\/02\/ultragenyx-logo.png","contentUrl":"https:\/\/www.ultragenyx.com\/pe\/wp-content\/uploads\/sites\/7\/2023\/02\/ultragenyx-logo.png","width":1000,"height":374,"caption":"Ultragenyx Peru"},"image":{"@id":"https:\/\/www.ultragenyx.com\/pe\/#\/schema\/logo\/image\/"}}]}},"_links":{"self":[{"href":"https:\/\/www.ultragenyx.com\/pe\/wp-json\/wp\/v2\/pages\/32","targetHints":{"allow":["GET"]}}],"collection":[{"href":"https:\/\/www.ultragenyx.com\/pe\/wp-json\/wp\/v2\/pages"}],"about":[{"href":"https:\/\/www.ultragenyx.com\/pe\/wp-json\/wp\/v2\/types\/page"}],"author":[{"embeddable":true,"href":"https:\/\/www.ultragenyx.com\/pe\/wp-json\/wp\/v2\/users\/1"}],"replies":[{"embeddable":true,"href":"https:\/\/www.ultragenyx.com\/pe\/wp-json\/wp\/v2\/comments?post=32"}],"version-history":[{"count":50,"href":"https:\/\/www.ultragenyx.com\/pe\/wp-json\/wp\/v2\/pages\/32\/revisions"}],"predecessor-version":[{"id":372,"href":"https:\/\/www.ultragenyx.com\/pe\/wp-json\/wp\/v2\/pages\/32\/revisions\/372"}],"wp:attachment":[{"href":"https:\/\/www.ultragenyx.com\/pe\/wp-json\/wp\/v2\/media?parent=32"}],"curies":[{"name":"wp","href":"https:\/\/api.w.org\/{rel}","templated":true}]}}