{"id":7,"date":"2023-02-14T10:16:42","date_gmt":"2023-02-14T10:16:42","guid":{"rendered":"https:\/\/devw.ultragenyx.com\/mx\/?page_id=7"},"modified":"2024-12-19T17:29:11","modified_gmt":"2024-12-19T17:29:11","slug":"contact-us","status":"publish","type":"page","link":"https:\/\/www.ultragenyx.com\/mx\/contact-us\/","title":{"rendered":"CONTACT US"},"content":{"rendered":"\n<div class=\"wp-block-group alignfull banner-inner has-purple-to-green-gradient-background has-background is-layout-flow wp-block-group-is-layout-flow\" style=\"padding-top:0px;padding-right:0px;padding-bottom:0px;padding-left:0px\">\n<div class=\"wp-block-cover is-light d-none d-lg-flex banner-desk\" style=\"padding-top:0px;padding-right:0px;padding-bottom:0px;padding-left:0px;min-height:240px;aspect-ratio:unset;\"><span aria-hidden=\"true\" class=\"wp-block-cover__background has-background-dim-0 has-background-dim\"><\/span><img loading=\"lazy\" decoding=\"async\" width=\"3400\" height=\"480\" class=\"wp-block-cover__image-background wp-image-148\" alt=\"\" src=\"https:\/\/www.ultragenyx.com\/mx\/wp-content\/uploads\/sites\/6\/2023\/02\/Header_contact-desk-new.jpg\" data-object-fit=\"cover\"\/><div class=\"wp-block-cover__inner-container is-layout-flow wp-block-cover-is-layout-flow\">\n<div class=\"wp-block-group container is-layout-constrained wp-block-group-is-layout-constrained\">\n<div class=\"wp-block-columns is-layout-flex wp-container-core-columns-is-layout-2eb748b2 wp-block-columns-is-layout-flex\" style=\"margin-top:0px;margin-bottom:0px\">\n<div class=\"wp-block-column is-layout-flow wp-block-column-is-layout-flow\">\n<h1 class=\"wp-block-heading has-background-color has-text-color\">Cont\u00e1ctenos<\/h1>\n<\/div>\n\n\n\n<div class=\"wp-block-column is-layout-flow wp-block-column-is-layout-flow\"><\/div>\n<\/div>\n<\/div>\n<\/div><\/div>\n\n\n\n<div class=\"wp-block-cover is-light d-lg-none banner-mob\" style=\"padding-top:0px;padding-right:0px;padding-bottom:0px;padding-left:0px;min-height:185px;aspect-ratio:unset;\"><span aria-hidden=\"true\" class=\"wp-block-cover__background has-background-dim-0 has-background-dim\"><\/span><img loading=\"lazy\" decoding=\"async\" width=\"750\" height=\"370\" class=\"wp-block-cover__image-background wp-image-199\" alt=\"\" src=\"https:\/\/www.ultragenyx.com\/mx\/wp-content\/uploads\/sites\/6\/2023\/04\/Header_mobile_contact-latam.png\" data-object-fit=\"cover\"\/><div class=\"wp-block-cover__inner-container is-layout-flow wp-block-cover-is-layout-flow\">\n<div class=\"wp-block-group container is-layout-constrained wp-block-group-is-layout-constrained\">\n<div class=\"wp-block-columns is-layout-flex wp-container-core-columns-is-layout-2eb748b2 wp-block-columns-is-layout-flex\" style=\"margin-top:0px;margin-bottom:0px\">\n<div class=\"wp-block-column is-layout-flow wp-block-column-is-layout-flow\">\n<h1 class=\"wp-block-heading has-background-color has-text-color\">Cont\u00e1ctenos<\/h1>\n<\/div>\n\n\n\n<div class=\"wp-block-column is-layout-flow wp-block-column-is-layout-flow\"><\/div>\n<\/div>\n<\/div>\n<\/div><\/div>\n<\/div>\n\n\n\n<div class=\"wp-block-group alignfull section-padding is-layout-flow wp-block-group-is-layout-flow\">\n<div class=\"wp-block-group container is-layout-constrained wp-block-group-is-layout-constrained\">\n<h2 class=\"wp-block-heading\" style=\"margin-bottom:50px\">Nuestras ubicaciones globales<\/h2>\n\n\n\n<div class=\"wp-block-group alignfull is-layout-flow wp-block-group-is-layout-flow\">\n<div class=\"wp-block-columns is-layout-flex wp-container-core-columns-is-layout-28f84493 wp-block-columns-is-layout-flex\">\n<div class=\"wp-block-column is-layout-flow wp-block-column-is-layout-flow\" style=\"flex-basis:25%\">\n<div class=\"wp-block-group address-block is-layout-constrained wp-block-group-is-layout-constrained\">\n<p><strong><strong>M\u00e9xico<\/strong><\/strong><br>Edificio Centro Alem\u00e1n<br>Av. Santa Fe 170, Piso 3-1-02<br>Col Santa Fe, Alvaro Obregon<br>Ciudad de M\u00e9xico, CP 01376<br><a href=\"tel:+52-55-6826-9584\">+52-55-6826-9584<\/a><\/p>\n\n\n\n<p style=\"font-style:normal;font-weight:300\"><\/p>\n<\/div>\n<\/div>\n\n\n\n<div class=\"wp-block-column is-layout-flow wp-block-column-is-layout-flow\" style=\"flex-basis:25%\">\n<div class=\"wp-block-group address-block is-layout-constrained wp-block-group-is-layout-constrained\">\n<p><strong><strong>Sede de Terapia Gen\u00e9tica &#8211; EE.UU.<\/strong><\/strong><br>100 Chestnut St<br>Somerville, MA 02143<\/p>\n\n\n\n<p style=\"font-style:normal;font-weight:300\"><\/p>\n<\/div>\n<\/div>\n\n\n\n<div class=\"wp-block-column is-layout-flow wp-block-column-is-layout-flow\" style=\"flex-basis:25%\">\n<div class=\"wp-block-group address-block is-layout-constrained wp-block-group-is-layout-constrained\">\n<p><strong><strong>Casa Matriz &#8211; EE. UU.<\/strong><\/strong><br>60 Leveroni Court <br>Novato, CA 94949<br><a href=\"tel:+1-415-4830-8800\">+1-415-4830-8800<\/a><\/p>\n\n\n\n<p style=\"font-style:normal;font-weight:300\"><\/p>\n<\/div>\n<\/div>\n\n\n\n<div class=\"wp-block-column is-layout-flow wp-block-column-is-layout-flow\" style=\"flex-basis:25%\">\n<div class=\"wp-block-group address-block is-layout-constrained wp-block-group-is-layout-constrained\">\n<p style=\"font-style:normal;font-weight:300\"><strong>Italy<\/strong><\/p>\n\n\n\n<p>Via Cassala 57,<br>Suite 403, Milan, Italy<\/p>\n<\/div>\n<\/div>\n<\/div>\n<\/div>\n\n\n\n<div class=\"wp-block-group alignfull is-layout-flow wp-block-group-is-layout-flow\">\n<div class=\"wp-block-columns is-layout-flex wp-container-core-columns-is-layout-28f84493 wp-block-columns-is-layout-flex\">\n<div class=\"wp-block-column is-layout-flow wp-block-column-is-layout-flow\" style=\"flex-basis:25%\">\n<div class=\"wp-block-group address-block is-layout-constrained wp-block-group-is-layout-constrained\">\n<p><strong><strong>Alemania<\/strong><\/strong><br>Rahel-Hirsch-Str. 10<br>10557 Berlin, Alemania<\/p>\n\n\n\n<p style=\"font-style:normal;font-weight:300\"><\/p>\n<\/div>\n<\/div>\n\n\n\n<div class=\"wp-block-column is-layout-flow wp-block-column-is-layout-flow\" style=\"flex-basis:25%\">\n<div class=\"wp-block-group address-block is-layout-constrained wp-block-group-is-layout-constrained\">\n<p><strong><strong>Pa\u00edses Bajos<\/strong><\/strong><br>Evert van de Beekstraat 1, <br>Unit 104 1118 CL Schiphol, <br>Pa\u00edses Bajos<\/p>\n\n\n\n<p style=\"font-style:normal;font-weight:300\"><\/p>\n<\/div>\n<\/div>\n\n\n\n<div class=\"wp-block-column is-layout-flow wp-block-column-is-layout-flow\" style=\"flex-basis:25%\">\n<div class=\"wp-block-group address-block is-layout-constrained wp-block-group-is-layout-constrained\">\n<p style=\"font-style:normal;font-weight:300\"><strong><strong>Switzerland<\/strong><\/strong><br>Office Basel:<br>WSJ 210\/11<br>Lichtstrasse 35<br>Postfach 3775<br>4002 Basel \/ Switzerland<\/p>\n\n\n\n<p style=\"font-style:normal;font-weight:300\">Office Zurich:<br>Talacker 41<br>8001 Zurich \/ Switzerland<\/p>\n\n\n\n<p style=\"font-style:normal;font-weight:300\"><\/p>\n<\/div>\n<\/div>\n\n\n\n<div class=\"wp-block-column is-layout-flow wp-block-column-is-layout-flow\" style=\"flex-basis:25%\">\n<div class=\"wp-block-group address-block is-layout-constrained wp-block-group-is-layout-constrained\">\n<p><strong>Sede de Am\u00e9rica Latina<\/strong><br>703 Waterford Way<br>Suite 890<br>Miami, FL 33126<\/p>\n\n\n\n<p><\/p>\n\n\n\n<p style=\"font-style:normal;font-weight:300\"><\/p>\n<\/div>\n<\/div>\n<\/div>\n<\/div>\n\n\n\n<div class=\"wp-block-group alignfull is-layout-flow wp-block-group-is-layout-flow\">\n<div class=\"wp-block-columns is-layout-flex wp-container-core-columns-is-layout-28f84493 wp-block-columns-is-layout-flex\">\n<div class=\"wp-block-column is-layout-flow wp-block-column-is-layout-flow\" style=\"flex-basis:25%\">\n<div class=\"wp-block-group address-block is-layout-constrained wp-block-group-is-layout-constrained\">\n<p><strong><strong>Argentina y Chile<\/strong><\/strong><br>Regus 2442 Av. Del Libertador<br>4th floor\u2013Olivos<br>Buenos Aires, Argentina<\/p>\n\n\n\n<p style=\"font-style:normal;font-weight:300\"><\/p>\n<\/div>\n<\/div>\n\n\n\n<div class=\"wp-block-column is-layout-flow wp-block-column-is-layout-flow\" style=\"flex-basis:25%\">\n<div class=\"wp-block-group address-block is-layout-constrained wp-block-group-is-layout-constrained\">\n<p><strong><strong>Brasil<\/strong><\/strong><br>Av. Pres. Juscelino Kubitschek, 2041<br>Torre D- 18 andar<br>Vila Nova Concei\u00e7\u00e3o<br>S\u00e3o Paulo \/ SP. 04543-011<\/p>\n\n\n\n<p><\/p>\n\n\n\n<p style=\"font-style:normal;font-weight:300\"><\/p>\n<\/div>\n<\/div>\n\n\n\n<div class=\"wp-block-column is-layout-flow wp-block-column-is-layout-flow\" style=\"flex-basis:25%\">\n<div class=\"wp-block-group address-block is-layout-constrained wp-block-group-is-layout-constrained\">\n<p><strong><strong>Colombia y Per\u00fa<\/strong><\/strong><br>Calle 120-A, #7-05, 3rd floor,<br>Bogot\u00e1, Colombia<br><a href=\"tel:+57-601-3906313\">+57-601-3906313<\/a><\/p>\n\n\n\n<p style=\"font-style:normal;font-weight:300\"><\/p>\n<\/div>\n<\/div>\n\n\n\n<div class=\"wp-block-column is-layout-flow wp-block-column-is-layout-flow\" style=\"flex-basis:25%\">\n<div class=\"wp-block-group address-block pb-mob-0 is-layout-constrained wp-block-group-is-layout-constrained\">\n<p style=\"font-style:normal;font-weight:300\"><strong><strong>Jap\u00f3n<\/strong><\/strong><br>3-7-26, Nivel 9 Ariake Frontier <br>Building Tower B, Ariake Koto-ku, <br>Tokio, Jap\u00f3n 135-0063<br><a href=\"tel: 03-5530-9310\">03-5530-9310<\/a><\/p>\n<\/div>\n<\/div>\n<\/div>\n<\/div>\n<\/div>\n<\/div>\n","protected":false},"excerpt":{"rendered":"<p>Nuestras ubicaciones globales M\u00e9xicoEdificio Centro Alem\u00e1nAv. Santa Fe 170, Piso 3-1-02Col Santa Fe, Alvaro ObregonCiudad de M\u00e9xico, CP 01376+52-55-6826-9584 Sede de Terapia Gen\u00e9tica &#8211; EE.UU.100 Chestnut StSomerville, MA 02143 Casa Matriz &#8211; EE. UU.60 Leveroni Court Novato, CA 94949+1-415-4830-8800 Italy Via Cassala 57,Suite 403, Milan, Italy AlemaniaRahel-Hirsch-Str. 1010557 Berlin, Alemania Pa\u00edses BajosEvert van de Beekstraat [&hellip;]<\/p>\n","protected":false},"author":1,"featured_media":0,"parent":0,"menu_order":0,"comment_status":"closed","ping_status":"closed","template":"page-common","meta":{"_acf_changed":false,"footnotes":""},"class_list":["post-7","page","type-page","status-publish","hentry"],"acf":[],"yoast_head":"<!-- This site is optimized with the Yoast SEO plugin v26.8 - https:\/\/yoast.com\/product\/yoast-seo-wordpress\/ -->\n<title>Cont\u00e1ctenos - Ultragenyx<\/title>\n<meta name=\"description\" content=\"Vea la informaci\u00f3n de contacto de las oficinas de Ultragenyx en todo el mundo.\" \/>\n<meta name=\"robots\" content=\"index, follow, max-snippet:-1, max-image-preview:large, max-video-preview:-1\" \/>\n<link rel=\"canonical\" href=\"https:\/\/www.ultragenyx.com\/mx\/contact-us\/\" \/>\n<meta property=\"og:locale\" content=\"en_US\" \/>\n<meta property=\"og:type\" content=\"article\" \/>\n<meta property=\"og:title\" content=\"Cont\u00e1ctenos - Ultragenyx\" \/>\n<meta property=\"og:description\" content=\"Vea la informaci\u00f3n de contacto de las oficinas de Ultragenyx en todo el mundo.\" \/>\n<meta property=\"og:url\" content=\"https:\/\/www.ultragenyx.com\/mx\/contact-us\/\" \/>\n<meta property=\"og:site_name\" content=\"Ultragenyx Mexico\" \/>\n<meta property=\"article:modified_time\" content=\"2024-12-19T17:29:11+00:00\" \/>\n<meta property=\"og:image\" content=\"https:\/\/www.ultragenyx.com\/mx\/wp-content\/uploads\/sites\/6\/2023\/02\/Header_contact-desk-new.jpg\" \/>\n<meta name=\"twitter:card\" content=\"summary_large_image\" \/>\n<meta name=\"twitter:label1\" content=\"Est. reading time\" \/>\n\t<meta name=\"twitter:data1\" content=\"2 minutes\" \/>\n<script type=\"application\/ld+json\" class=\"yoast-schema-graph\">{\"@context\":\"https:\/\/schema.org\",\"@graph\":[{\"@type\":\"WebPage\",\"@id\":\"https:\/\/www.ultragenyx.com\/mx\/contact-us\/\",\"url\":\"https:\/\/www.ultragenyx.com\/mx\/contact-us\/\",\"name\":\"Cont\u00e1ctenos - Ultragenyx\",\"isPartOf\":{\"@id\":\"https:\/\/www.ultragenyx.com\/mx\/#website\"},\"primaryImageOfPage\":{\"@id\":\"https:\/\/www.ultragenyx.com\/mx\/contact-us\/#primaryimage\"},\"image\":{\"@id\":\"https:\/\/www.ultragenyx.com\/mx\/contact-us\/#primaryimage\"},\"thumbnailUrl\":\"https:\/\/www.ultragenyx.com\/mx\/wp-content\/uploads\/sites\/6\/2023\/02\/Header_contact-desk-new.jpg\",\"datePublished\":\"2023-02-14T10:16:42+00:00\",\"dateModified\":\"2024-12-19T17:29:11+00:00\",\"description\":\"Vea la informaci\u00f3n de contacto de las oficinas de Ultragenyx en todo el mundo.\",\"breadcrumb\":{\"@id\":\"https:\/\/www.ultragenyx.com\/mx\/contact-us\/#breadcrumb\"},\"inLanguage\":\"en-US\",\"potentialAction\":[{\"@type\":\"ReadAction\",\"target\":[\"https:\/\/www.ultragenyx.com\/mx\/contact-us\/\"]}]},{\"@type\":\"ImageObject\",\"inLanguage\":\"en-US\",\"@id\":\"https:\/\/www.ultragenyx.com\/mx\/contact-us\/#primaryimage\",\"url\":\"https:\/\/www.ultragenyx.com\/mx\/wp-content\/uploads\/sites\/6\/2023\/02\/Header_contact-desk-new.jpg\",\"contentUrl\":\"https:\/\/www.ultragenyx.com\/mx\/wp-content\/uploads\/sites\/6\/2023\/02\/Header_contact-desk-new.jpg\",\"width\":3400,\"height\":480},{\"@type\":\"BreadcrumbList\",\"@id\":\"https:\/\/www.ultragenyx.com\/mx\/contact-us\/#breadcrumb\",\"itemListElement\":[{\"@type\":\"ListItem\",\"position\":1,\"name\":\"Home\",\"item\":\"https:\/\/www.ultragenyx.com\/mx\/\"},{\"@type\":\"ListItem\",\"position\":2,\"name\":\"CONTACT US\"}]},{\"@type\":\"WebSite\",\"@id\":\"https:\/\/www.ultragenyx.com\/mx\/#website\",\"url\":\"https:\/\/www.ultragenyx.com\/mx\/\",\"name\":\"Ultragenyx Mexico\",\"description\":\"\",\"publisher\":{\"@id\":\"https:\/\/www.ultragenyx.com\/mx\/#organization\"},\"potentialAction\":[{\"@type\":\"SearchAction\",\"target\":{\"@type\":\"EntryPoint\",\"urlTemplate\":\"https:\/\/www.ultragenyx.com\/mx\/?s={search_term_string}\"},\"query-input\":{\"@type\":\"PropertyValueSpecification\",\"valueRequired\":true,\"valueName\":\"search_term_string\"}}],\"inLanguage\":\"en-US\"},{\"@type\":\"Organization\",\"@id\":\"https:\/\/www.ultragenyx.com\/mx\/#organization\",\"name\":\"Ultragenyx Mexico\",\"url\":\"https:\/\/www.ultragenyx.com\/mx\/\",\"logo\":{\"@type\":\"ImageObject\",\"inLanguage\":\"en-US\",\"@id\":\"https:\/\/www.ultragenyx.com\/mx\/#\/schema\/logo\/image\/\",\"url\":\"https:\/\/www.ultragenyx.com\/mx\/wp-content\/uploads\/sites\/6\/2023\/02\/ultragenyx-logo.png\",\"contentUrl\":\"https:\/\/www.ultragenyx.com\/mx\/wp-content\/uploads\/sites\/6\/2023\/02\/ultragenyx-logo.png\",\"width\":1000,\"height\":374,\"caption\":\"Ultragenyx Mexico\"},\"image\":{\"@id\":\"https:\/\/www.ultragenyx.com\/mx\/#\/schema\/logo\/image\/\"}}]}<\/script>\n<!-- \/ Yoast SEO plugin. -->","yoast_head_json":{"title":"Cont\u00e1ctenos - Ultragenyx","description":"Vea la informaci\u00f3n de contacto de las oficinas de Ultragenyx en todo el mundo.","robots":{"index":"index","follow":"follow","max-snippet":"max-snippet:-1","max-image-preview":"max-image-preview:large","max-video-preview":"max-video-preview:-1"},"canonical":"https:\/\/www.ultragenyx.com\/mx\/contact-us\/","og_locale":"en_US","og_type":"article","og_title":"Cont\u00e1ctenos - Ultragenyx","og_description":"Vea la informaci\u00f3n de contacto de las oficinas de Ultragenyx en todo el mundo.","og_url":"https:\/\/www.ultragenyx.com\/mx\/contact-us\/","og_site_name":"Ultragenyx Mexico","article_modified_time":"2024-12-19T17:29:11+00:00","og_image":[{"url":"https:\/\/www.ultragenyx.com\/mx\/wp-content\/uploads\/sites\/6\/2023\/02\/Header_contact-desk-new.jpg","type":"","width":"","height":""}],"twitter_card":"summary_large_image","twitter_misc":{"Est. reading time":"2 minutes"},"schema":{"@context":"https:\/\/schema.org","@graph":[{"@type":"WebPage","@id":"https:\/\/www.ultragenyx.com\/mx\/contact-us\/","url":"https:\/\/www.ultragenyx.com\/mx\/contact-us\/","name":"Cont\u00e1ctenos - Ultragenyx","isPartOf":{"@id":"https:\/\/www.ultragenyx.com\/mx\/#website"},"primaryImageOfPage":{"@id":"https:\/\/www.ultragenyx.com\/mx\/contact-us\/#primaryimage"},"image":{"@id":"https:\/\/www.ultragenyx.com\/mx\/contact-us\/#primaryimage"},"thumbnailUrl":"https:\/\/www.ultragenyx.com\/mx\/wp-content\/uploads\/sites\/6\/2023\/02\/Header_contact-desk-new.jpg","datePublished":"2023-02-14T10:16:42+00:00","dateModified":"2024-12-19T17:29:11+00:00","description":"Vea la informaci\u00f3n de contacto de las oficinas de Ultragenyx en todo el mundo.","breadcrumb":{"@id":"https:\/\/www.ultragenyx.com\/mx\/contact-us\/#breadcrumb"},"inLanguage":"en-US","potentialAction":[{"@type":"ReadAction","target":["https:\/\/www.ultragenyx.com\/mx\/contact-us\/"]}]},{"@type":"ImageObject","inLanguage":"en-US","@id":"https:\/\/www.ultragenyx.com\/mx\/contact-us\/#primaryimage","url":"https:\/\/www.ultragenyx.com\/mx\/wp-content\/uploads\/sites\/6\/2023\/02\/Header_contact-desk-new.jpg","contentUrl":"https:\/\/www.ultragenyx.com\/mx\/wp-content\/uploads\/sites\/6\/2023\/02\/Header_contact-desk-new.jpg","width":3400,"height":480},{"@type":"BreadcrumbList","@id":"https:\/\/www.ultragenyx.com\/mx\/contact-us\/#breadcrumb","itemListElement":[{"@type":"ListItem","position":1,"name":"Home","item":"https:\/\/www.ultragenyx.com\/mx\/"},{"@type":"ListItem","position":2,"name":"CONTACT US"}]},{"@type":"WebSite","@id":"https:\/\/www.ultragenyx.com\/mx\/#website","url":"https:\/\/www.ultragenyx.com\/mx\/","name":"Ultragenyx Mexico","description":"","publisher":{"@id":"https:\/\/www.ultragenyx.com\/mx\/#organization"},"potentialAction":[{"@type":"SearchAction","target":{"@type":"EntryPoint","urlTemplate":"https:\/\/www.ultragenyx.com\/mx\/?s={search_term_string}"},"query-input":{"@type":"PropertyValueSpecification","valueRequired":true,"valueName":"search_term_string"}}],"inLanguage":"en-US"},{"@type":"Organization","@id":"https:\/\/www.ultragenyx.com\/mx\/#organization","name":"Ultragenyx Mexico","url":"https:\/\/www.ultragenyx.com\/mx\/","logo":{"@type":"ImageObject","inLanguage":"en-US","@id":"https:\/\/www.ultragenyx.com\/mx\/#\/schema\/logo\/image\/","url":"https:\/\/www.ultragenyx.com\/mx\/wp-content\/uploads\/sites\/6\/2023\/02\/ultragenyx-logo.png","contentUrl":"https:\/\/www.ultragenyx.com\/mx\/wp-content\/uploads\/sites\/6\/2023\/02\/ultragenyx-logo.png","width":1000,"height":374,"caption":"Ultragenyx Mexico"},"image":{"@id":"https:\/\/www.ultragenyx.com\/mx\/#\/schema\/logo\/image\/"}}]}},"_links":{"self":[{"href":"https:\/\/www.ultragenyx.com\/mx\/wp-json\/wp\/v2\/pages\/7","targetHints":{"allow":["GET"]}}],"collection":[{"href":"https:\/\/www.ultragenyx.com\/mx\/wp-json\/wp\/v2\/pages"}],"about":[{"href":"https:\/\/www.ultragenyx.com\/mx\/wp-json\/wp\/v2\/types\/page"}],"author":[{"embeddable":true,"href":"https:\/\/www.ultragenyx.com\/mx\/wp-json\/wp\/v2\/users\/1"}],"replies":[{"embeddable":true,"href":"https:\/\/www.ultragenyx.com\/mx\/wp-json\/wp\/v2\/comments?post=7"}],"version-history":[{"count":27,"href":"https:\/\/www.ultragenyx.com\/mx\/wp-json\/wp\/v2\/pages\/7\/revisions"}],"predecessor-version":[{"id":290,"href":"https:\/\/www.ultragenyx.com\/mx\/wp-json\/wp\/v2\/pages\/7\/revisions\/290"}],"wp:attachment":[{"href":"https:\/\/www.ultragenyx.com\/mx\/wp-json\/wp\/v2\/media?parent=7"}],"curies":[{"name":"wp","href":"https:\/\/api.w.org\/{rel}","templated":true}]}}