{"id":35,"date":"2023-02-14T13:35:14","date_gmt":"2023-02-14T13:35:14","guid":{"rendered":"https:\/\/devw.ultragenyx.com\/mx\/?page_id=35"},"modified":"2023-03-31T17:49:40","modified_gmt":"2023-03-31T17:49:40","slug":"privacy-policy","status":"publish","type":"page","link":"https:\/\/www.ultragenyx.com\/mx\/privacy-policy\/","title":{"rendered":"Privacy Policy"},"content":{"rendered":"\n<div class=\"wp-block-group alignfull banner-inner banner-privacy has-white-to-gray-gradient-background has-background is-layout-flow wp-block-group-is-layout-flow\" style=\"padding-top:0px;padding-right:0px;padding-bottom:0px;padding-left:0px\">\n<div class=\"wp-block-cover is-light d-none d-lg-flex banner-desk\" style=\"padding-top:0px;padding-right:0px;padding-bottom:0px;padding-left:0px;min-height:240px;aspect-ratio:unset;\"><span aria-hidden=\"true\" class=\"wp-block-cover__background has-background-dim-0 has-background-dim\"><\/span><img decoding=\"async\" class=\"wp-block-cover__image-background wp-image-281\" alt=\"\" src=\"..\/..\/wp-content\/uploads\/sites\/4\/2023\/03\/header_privacy_policy@2x.png\" style=\"object-position:50% 50%\" data-object-fit=\"cover\" data-object-position=\"50% 50%\"\/><div class=\"wp-block-cover__inner-container is-layout-flow wp-block-cover-is-layout-flow\">\n<div class=\"wp-block-group container is-layout-constrained wp-block-group-is-layout-constrained\">\n<div class=\"wp-block-columns is-layout-flex wp-container-core-columns-is-layout-2eb748b2 wp-block-columns-is-layout-flex\" style=\"margin-top:0px;margin-bottom:0px\">\n<div class=\"wp-block-column is-layout-flow wp-block-column-is-layout-flow\">\n<h1 class=\"has-foreground-color has-text-color wp-block-heading\" style=\"margin-bottom:10px\">POL\u00cdTICA DE PRIVACIDAD Y COOKIES<\/h1>\n\n\n\n<p>Ultima Actualizaci\u00f3n: 17Aug2020<\/p>\n<\/div>\n<\/div>\n<\/div>\n<\/div><\/div>\n\n\n\n<div class=\"wp-block-cover is-light d-lg-none banner-mob\" style=\"padding-top:0px;padding-right:0px;padding-bottom:0px;padding-left:0px;min-height:185px;aspect-ratio:unset;\"><span aria-hidden=\"true\" class=\"wp-block-cover__background has-background-dim-0 has-background-dim\"><\/span><img decoding=\"async\" class=\"wp-block-cover__image-background wp-image-282\" alt=\"\" src=\"..\/..\/wp-content\/uploads\/sites\/4\/2023\/03\/header_privacy_policy_mobile@2x.png\" data-object-fit=\"cover\"\/><div class=\"wp-block-cover__inner-container is-layout-flow wp-block-cover-is-layout-flow\">\n<div class=\"wp-block-group container is-layout-constrained wp-block-group-is-layout-constrained\">\n<div class=\"wp-block-columns is-layout-flex wp-container-core-columns-is-layout-2eb748b2 wp-block-columns-is-layout-flex\" style=\"margin-top:0px;margin-bottom:0px\">\n<div class=\"wp-block-column is-layout-flow wp-block-column-is-layout-flow\">\n<h1 class=\"has-foreground-color has-text-color wp-block-heading\" style=\"margin-bottom:10px\">POL\u00cdTICA DE PRIVACIDAD Y COOKIES<\/h1>\n\n\n\n<p>Ultima Actualizaci\u00f3n: 17Aug2020<\/p>\n<\/div>\n<\/div>\n<\/div>\n<\/div><\/div>\n<\/div>\n\n\n\n<div class=\"wp-block-group container is-layout-flow wp-block-group-is-layout-flow\">\n<div class=\"wp-block-group privacy-cookies-style is-layout-constrained wp-block-group-is-layout-constrained\">\n<h3 class=\"wp-block-heading\">Por Favor Lea Atentamente Antes de Usar Este Sitio Web<\/h3>\n\n\n\n<p>Ultragenyx Pharmaceutical Inc. con sede social en 60 Leveroni Court, Novato, CA 94949 (de aqu\u00ed en adelante \u201cUltragenyx\u201d o \u201cnosotros\u201d o \u201cnuestro\u201d) respeta la privacidad de los visitantes del sitio web y valora la confianza de sus clientes, socios, pacientes y empleados.<\/p>\n\n\n\n<p>Esta Pol\u00edtica de Privacidad expone las pr\u00e1cticas de Ultragenyx en relaci\u00f3n con la recopilaci\u00f3n, uso, y divulgaci\u00f3n de datos personales a trav\u00e9s de este sitio (el \u201cSitio Web\u201d) y los derechos que tiene con relaci\u00f3n a tal informaci\u00f3n. Tras continuar usando este Sitio Web, reconoce que Ultragenyx trata sus datos personales como descrito en esta Pol\u00edtica de Privacidad. Por favor lea toda esta Pol\u00edtica de Privacidad antes de usar este Sitio Web o de someter sus datos personales a Ultragenyx a trav\u00e9s de este Sitio Web.<\/p>\n\n\n\n<p><strong>Recopilaci\u00f3n de Datos y Uso<\/strong><\/p>\n\n\n\n<p>necesariamente limitado a, su nombre, direcci\u00f3n, n\u00famero de tel\u00e9fono, y correo electr\u00f3nico y su relaci\u00f3n con el producto o programa de Ultragenyx), Ultragenyx guarda y trata esta informaci\u00f3n en una base de datos electr\u00f3nicos. Ultragenyx puede usar esta informaci\u00f3n como modo para contactarle para obtener informaci\u00f3n adicional si es necesario para completar su solicitud, mejorar este sitio, administrar su participaci\u00f3n en un concurso o promoci\u00f3n, o proporcionarle con informaci\u00f3n o comunicaciones que usted all\u00e1 ordenado u informaci\u00f3n adicional que Ultragenyx cree que es de inter\u00e9s a usted. Ultragenyx puede usar esta informaci\u00f3n dentro de la compa\u00f1\u00eda para llevar a cabo estudios de Mercado y an\u00e1lisis para uso interno, de acuerdo con las leyes aplicables.<\/p>\n\n\n\n<p>Nuestro Sitio Web tambi\u00e9n usa cookies y otras tecnolog\u00edas de seguimiento para recopilar autom\u00e1ticamente informaci\u00f3n de como usted usa este Sitio Web. Para m\u00e1s informaci\u00f3n sobre como nosotros y terceros usamos las cookies sobre nuestro Sitio Web, por favor consulte nuestra Pol\u00edtica de Cookies.<\/p>\n\n\n\n<p>Combinamos la informaci\u00f3n que recibimos cuando visita nuestro Sitio Web con otra informaci\u00f3n que hemos recopilado, incluyendo otra informaci\u00f3n que hemos recibido de usted y la informaci\u00f3n recibida de fuentes p\u00fablicas y comerciales.<\/p>\n\n\n\n<p>De acuerdo con la ley aplicable, Ultragenyx tiene bases legales para tratar sus datos personales cuando el tratamiento es:<\/p>\n\n\n\n<ul class=\"wp-block-list\">\n<li>Necesario para los intereses leg\u00edtimos de Ultragenyx incluyendo para las finalidades descritas m\u00e1s arriba, para adaptar las comunicaciones de Ultragenyx hacia usted y para continuar mejorando los servicios de Ultragenyx;<\/li>\n\n\n\n<li>Necesario para que Ultragenyx cumpla con sus obligaciones legales; o<\/li>\n\n\n\n<li>Llevado a cabo con su consentimiento o bajo su direcci\u00f3n, que ser\u00e1 libre de revocar, aunque en ese caso puede ser necesario de conservar alguna informaci\u00f3n para cumplir con nuestras obligaciones legales o proteger nuestros derechos e intereses.<\/li>\n<\/ul>\n\n\n\n<p>Si no nos proporciona algunas informaciones, puede que en algunas circunstancias no podamos cumplir con nuestras obligaciones o proporcionarle con los servicios que usted requiere. Le informaremos de las implicaciones de no proporcionar alguna informaci\u00f3n.<\/p>\n\n\n\n<p><strong>Intercambio de Datos<\/strong><\/p>\n\n\n\n<p>Estamos comprometidos a mantener su confianza, y queremos que entienda cuando y con quien podemos compartir la informaci\u00f3n que recopilamos. Compartimos sus datos personales con las siguientes terceras partes:<\/p>\n\n\n\n<ul class=\"wp-block-list\">\n<li>Con proveedores y prestadores de servicios autorizados de los Estados Unidos y otros terceros pa\u00edses. Podemos compartir su informaci\u00f3n con terceros proveedores y prestadores de servicios que nos ayudan con servicios especializados, incluyendo facturaci\u00f3n, procedimiento de pago, servicios de atenci\u00f3n al cliente despliegue de correo electr\u00f3nico, an\u00e1lisis de negocio, marketing, publicidad, monitorizaci\u00f3n del rendimiento, alojamiento y tratamiento de datos.<\/li>\n\n\n\n<li>Afiliados Corporativos. Podemos compartir su informaci\u00f3n con nuestros afiliados corporativos que est\u00e1n sujetos a esta pol\u00edtica para los fines descritos m\u00e1s arriba.<\/li>\n\n\n\n<li>Transferencia de Empresa. Podemos compartir su informaci\u00f3n en conexi\u00f3n a una transacci\u00f3n corporativa completada o propuesta, tal como la venta de toda o parte de Ultragenyx, una fusi\u00f3n, consolidaci\u00f3n, venta de activos, o en el improbable caso de bancarrota.<\/li>\n\n\n\n<li>Fines Legales. Podemos divulgar informaci\u00f3n para responder a citaciones, \u00f3rdenes judiciales, procesos legales, solicitudes de cumplimiento de la ley, reclamaciones legales u investigaciones gubernamentales o seg\u00fan sea requerido o permitido por las leyes aplicables, y para proteger y defender los derechos, intereses, salud, seguridad de Ultragenyx, nuestros afiliados, usuarios o del p\u00fablico.<\/li>\n\n\n\n<li>Con su consentimiento o bajo su direcci\u00f3n. Podemos compartir informaci\u00f3n para cualquier fin divulgado a usted en cuando recopilamos la informaci\u00f3n o en virtud de su consentimiento o direcci\u00f3n. Donde escoja publicar informaci\u00f3n en forma de comentarios p\u00fablicos esta informaci\u00f3n deber\u00e1 de ser accesible por miembros del p\u00fablico.<\/li>\n<\/ul>\n\n\n\n<p>Ademas, Ultragenyx puede compartir datos estad\u00edsticos agregados, no identificables personalmente y otra informaci\u00f3n sobre los usuarios, a terceras partes para fines comerciales leg\u00edtimos, pero en estos casos no lo identificar\u00e1 o a cualquier individuo espec\u00edficamente.<\/p>\n\n\n\n<p><strong>Transferencia Internacional de Datos<\/strong><\/p>\n\n\n\n<p>Ultragenyx es un compa\u00f1\u00eda con sede en los EE.UU y el uso del Sitio Web y Servicios involucrar\u00e1 la transferencia, el almacenamiento y tratamiento de sus datos personales en los EE.UU. Ultragenyx solo transferir\u00e1 sus datos personales a terceras partes o al extranjero cuando este convencida que el nivel adecuado de protecci\u00f3n est\u00e1 establecido para proteger la integridad y la seguridad de cualquier informaci\u00f3n tratada, en conformidad con las leyes de privacidad y de protecci\u00f3n de datos aplicables.<\/p>\n\n\n\n<p><strong>Para individuos residentes solo en la UE:&nbsp;<\/strong>Algunos de los destinatarios de la informaci\u00f3n que recopilamos est\u00e1n situados fuera de la Uni\u00f3n Europea, incluyendo en pa\u00edses que no pueden proporcionar el mismo nivel de protecci\u00f3n de datos que en la UE. Ultragenyx tomar\u00e1 los pasos necesarios para asegurar que tales destinatarios est\u00e1n sujetos a obligaciones de confidencialidad e implementamos medidas tales como las Cl\u00e1usulas Contractuales Tipo aprobadas por la Comisi\u00f3n Europea para asegurar que cualquier dato personal transferido permanece protegido y seguro. Una copia de estas cl\u00e1usulas puede ser obtenida contactandonos a la direcci\u00f3n listada m\u00e1s abajo en la secci\u00f3n \u201cInformaci\u00f3n de Contacto\u201d.<\/p>\n\n\n\n<p><strong>Datos de Ni\u00f1os<\/strong><\/p>\n\n\n\n<p>No recopilamos intencionadamente ninguna informaci\u00f3n personal de menores de edad en su jurisdicci\u00f3n sin el consentimiento de los padres, a menos que lo permita la ley. Si nos enteramos de que un menor nos ha proporcionado informaci\u00f3n personal, la borraremos de acuerdo con la ley aplicable. Los visitantes menores de edad en su jurisdicci\u00f3n deben obtener permiso de sus padres o tutores antes de registrarse en este Sitio Web, enviar cualquier dato personal, participar en discusiones en l\u00ednea o enviar contenido a este Sitio Web. A menos que se especifique lo contrario, usted debe tener al menos la edad mayor en su jurisdicci\u00f3n para participar en cualquier promoci\u00f3n o concurso en l\u00ednea. Ultragenyx puede restringir la capacidad de cualquier visitante para enviar contenido o acceder a cualquier parte del Sitio Web a discreci\u00f3n de Ultragenyx.<\/p>\n\n\n\n<p><strong>Sus Derechos<\/strong><\/p>\n\n\n\n<p>De acuerdo con la ley aplicable, usted tiene el derecho de solicitar la exclusi\u00f3n voluntaria de recibir mensajes de correo electr\u00f3nico comerciales de nosotros. Usted puede ejercer este derecho siguiendo las instrucciones contenidas en esos mensajes de correo electr\u00f3nico.<\/p>\n\n\n\n<p>De acuerdo con las leyes aplicables, usted puede tener derecho a oponerse o solicitar la restricci\u00f3n del tratamiento de sus datos personales, as\u00ed como el derecho a solicitar el acceso, rectificaci\u00f3n, eliminaci\u00f3n y portabilidad de sus propios datos personales. En caso de que Ultragenyx utilice su informaci\u00f3n sobre la base de su consentimiento, usted tiene el derecho de retirar este consentimiento en cualquier momento sin afectar a la legalidad del tratamiento basado en el consentimiento antes de su retirada. Las solicitudes deber\u00e1n presentarse por escrito a la direcci\u00f3n que figura m\u00e1s adelante en la secci\u00f3n \u201cInformaci\u00f3n de Contacto\u201d.<\/p>\n\n\n\n<p>Tambi\u00e9n tiene derecho a presentar una reclamaci\u00f3n ante su autoridad de protecci\u00f3n de datos y, cuando as\u00ed lo dispongan las leyes aplicables, a exigir una indemnizaci\u00f3n por los da\u00f1os y perjuicios que haya sufrido como consecuencia del tratamiento ilegal de sus datos personales.<\/p>\n\n\n\n<p>Una lista de todas las autoridades de protecci\u00f3n de datos de la UE, y sus datos de contacto individuales, est\u00e1 disponible en el sitio web del Comit\u00e9 Europeo de Protecci\u00f3n de Datos:&nbsp;<a href=\"https:\/\/edpb.europa.eu\/about-edpb\/board\/members_en\" target=\"_blank\" rel=\"noreferrer noopener\">https:\/\/edpb.europa.eu\/about-edpb\/board\/members_en<\/a><\/p>\n\n\n\n<p><strong>Seguridad<\/strong><\/p>\n\n\n\n<p>Ultragenyx aplicar\u00e1 medidas de seguridad t\u00e9cnicas, administrativas y f\u00edsicas razonables y apropiadas dise\u00f1adas para proteger la informaci\u00f3n recopilada a trav\u00e9s de sus sitios web contra p\u00e9rdida, interferencia, mal uso, acceso no autorizado, divulgaci\u00f3n, alteraci\u00f3n o destrucci\u00f3n. Ultragenyx tambi\u00e9n mantiene procedimientos razonables para ayudar a asegurar que dichos datos sean confiables para el uso al que est\u00e1n destinados y que sean precisos, completos y actualizados, y busca asegurar que sus proveedores de servicios hagan lo mismo. Sin embargo, tenga en cuenta que siempre existe alg\u00fan riesgo al someter datos a trav\u00e9s de Internet. No podemos garantizar que la seguridad de nuestra base de datos sea 100% segura contra manipulaci\u00f3n ilegal o \u201d pirater\u00eda\u201d.<\/p>\n\n\n\n<p><strong>Almacenamiento de Datos<\/strong><\/p>\n\n\n\n<p>Ultragenyx conservar\u00e1 sus datos personales durante un per\u00edodo de tiempo razonable que nos permita comunicarnos con usted, proporcionarle los servicios que solicite, mantener los registros de su empresa con fines de auditor\u00eda o para cumplir con los requisitos de mantenimiento de registros de acuerdo con la ley, defender o presentar cualquier reclamaci\u00f3n legal y tratar con cualquier duda o queja que pueda tener.<\/p>\n\n\n\n<p><strong>Enlaces a Sitios Web de Terceras Partes<\/strong><\/p>\n\n\n\n<p>Como una conveniencia para nuestros visitantes, nuestros sitios actualmente contienen enlaces a una serie de otros sitios (que no son de Ultragenyx) que creemos pueden ofrecer informaci\u00f3n \u00fatil. Tales enlaces no constituyen una aprobaci\u00f3n por parte de Ultragenyx de esos otros sitios web, el contenido que se muestra en ellos, o las personas o entidades asociadas a los mismos. Esta Pol\u00edtica de Privacidad no se aplica a esos sitios. Usted debe comunicarse directamente con esos sitios para obtener informaci\u00f3n sobre sus pol\u00edticas de privacidad, acuerdos de confidencialidad y procedimientos de recolecci\u00f3n\/distribuci\u00f3n de datos.<\/p>\n\n\n\n<p>Tenga en cuenta que los sitios vinculados que no son de Ultragenyx tambi\u00e9n pueden utilizar cookies. Ultragenyx no puede controlar el uso de cookies por parte de estos sitios que no son de Ultragenyx. Tambi\u00e9n queremos que sepa que cuando se enlaza desde este Sitio Web a otro sitio web, ese sitio web puede tener la capacidad de reconocer que usted ha venido de un sitio de Ultragenyx. Si no desea que ning\u00fan otro sitio web sepa que ha estado en nuestro Sitio Web, le recomendamos que no utilice los enlaces proporcionados en nuestro sitio. Si tiene alguna pregunta sobre c\u00f3mo utilizan las cookies los sitios de terceros, debe ponerse en contacto directamente con ellos.<\/p>\n\n\n\n<p><strong>Informaci\u00f3n de contacto<\/strong><\/p>\n\n\n\n<p>Si tiene alguna pregunta, comentario o inquietud sobre c\u00f3mo se manejan sus datos personales en este Sitio Web, puede ponerse en contacto con nosotros en:<\/p>\n\n\n\n<p>Ultragenyx Pharmaceutical Inc.<br>60 Leveroni Court,<br>Novato, CA 94949<br>E-mail:&nbsp;<a href=\"mailto:info@ultragenyx.com\">info@ultragenyx.com<\/a><\/p>\n\n\n\n<p>Tambi\u00e9n puede ponerse en contacto con nuestro responsable de protecci\u00f3n de datos por correo electr\u00f3nico&nbsp;<a href=\"mailto:compliance@ultragenyx.com\">compliance@ultragenyx.com<\/a>&nbsp;y por correo postal en la misma direcci\u00f3n antes mencionada, dirigido a la atenci\u00f3n del Responsable de Protecci\u00f3n de Datos.<\/p>\n\n\n\n<p><strong>Modificaciones<\/strong><\/p>\n\n\n\n<p>Ultragenyx puede cambiar esta pol\u00edtica en cualquier momento, por lo que es posible que desee comprobarla cada vez que visite nuestro sitio web.<\/p>\n<\/div>\n<\/div>\n","protected":false},"excerpt":{"rendered":"<p>Por Favor Lea Atentamente Antes de Usar Este Sitio Web Ultragenyx Pharmaceutical Inc. con sede social en 60 Leveroni Court, Novato, CA 94949 (de aqu\u00ed en adelante \u201cUltragenyx\u201d o \u201cnosotros\u201d o \u201cnuestro\u201d) respeta la privacidad de los visitantes del sitio web y valora la confianza de sus clientes, socios, pacientes y empleados. Esta Pol\u00edtica de [&hellip;]<\/p>\n","protected":false},"author":1,"featured_media":0,"parent":0,"menu_order":0,"comment_status":"closed","ping_status":"closed","template":"page-common","meta":{"_acf_changed":false,"footnotes":""},"class_list":["post-35","page","type-page","status-publish","hentry"],"acf":[],"yoast_head":"<!-- This site is optimized with the Yoast SEO plugin v26.8 - https:\/\/yoast.com\/product\/yoast-seo-wordpress\/ -->\n<title>Privacy Policy - Ultragenyx Mexico<\/title>\n<meta name=\"robots\" content=\"index, follow, max-snippet:-1, max-image-preview:large, max-video-preview:-1\" \/>\n<link rel=\"canonical\" href=\"https:\/\/www.ultragenyx.com\/mx\/privacy-policy\/\" \/>\n<meta property=\"og:locale\" content=\"en_US\" \/>\n<meta property=\"og:type\" content=\"article\" \/>\n<meta property=\"og:title\" content=\"Privacy Policy - Ultragenyx Mexico\" \/>\n<meta property=\"og:description\" content=\"Por Favor Lea Atentamente Antes de Usar Este Sitio Web Ultragenyx Pharmaceutical Inc. con sede social en 60 Leveroni Court, Novato, CA 94949 (de aqu\u00ed en adelante \u201cUltragenyx\u201d o \u201cnosotros\u201d o \u201cnuestro\u201d) respeta la privacidad de los visitantes del sitio web y valora la confianza de sus clientes, socios, pacientes y empleados. Esta Pol\u00edtica de [&hellip;]\" \/>\n<meta property=\"og:url\" content=\"https:\/\/www.ultragenyx.com\/mx\/privacy-policy\/\" \/>\n<meta property=\"og:site_name\" content=\"Ultragenyx Mexico\" \/>\n<meta property=\"article:modified_time\" content=\"2023-03-31T17:49:40+00:00\" \/>\n<meta name=\"twitter:card\" content=\"summary_large_image\" \/>\n<meta name=\"twitter:label1\" content=\"Est. reading time\" \/>\n\t<meta name=\"twitter:data1\" content=\"9 minutes\" \/>\n<script type=\"application\/ld+json\" class=\"yoast-schema-graph\">{\"@context\":\"https:\/\/schema.org\",\"@graph\":[{\"@type\":\"WebPage\",\"@id\":\"https:\/\/www.ultragenyx.com\/mx\/privacy-policy\/\",\"url\":\"https:\/\/www.ultragenyx.com\/mx\/privacy-policy\/\",\"name\":\"Privacy Policy - Ultragenyx Mexico\",\"isPartOf\":{\"@id\":\"https:\/\/www.ultragenyx.com\/mx\/#website\"},\"datePublished\":\"2023-02-14T13:35:14+00:00\",\"dateModified\":\"2023-03-31T17:49:40+00:00\",\"breadcrumb\":{\"@id\":\"https:\/\/www.ultragenyx.com\/mx\/privacy-policy\/#breadcrumb\"},\"inLanguage\":\"en-US\",\"potentialAction\":[{\"@type\":\"ReadAction\",\"target\":[\"https:\/\/www.ultragenyx.com\/mx\/privacy-policy\/\"]}]},{\"@type\":\"BreadcrumbList\",\"@id\":\"https:\/\/www.ultragenyx.com\/mx\/privacy-policy\/#breadcrumb\",\"itemListElement\":[{\"@type\":\"ListItem\",\"position\":1,\"name\":\"Home\",\"item\":\"https:\/\/www.ultragenyx.com\/mx\/\"},{\"@type\":\"ListItem\",\"position\":2,\"name\":\"Privacy Policy\"}]},{\"@type\":\"WebSite\",\"@id\":\"https:\/\/www.ultragenyx.com\/mx\/#website\",\"url\":\"https:\/\/www.ultragenyx.com\/mx\/\",\"name\":\"Ultragenyx Mexico\",\"description\":\"\",\"publisher\":{\"@id\":\"https:\/\/www.ultragenyx.com\/mx\/#organization\"},\"potentialAction\":[{\"@type\":\"SearchAction\",\"target\":{\"@type\":\"EntryPoint\",\"urlTemplate\":\"https:\/\/www.ultragenyx.com\/mx\/?s={search_term_string}\"},\"query-input\":{\"@type\":\"PropertyValueSpecification\",\"valueRequired\":true,\"valueName\":\"search_term_string\"}}],\"inLanguage\":\"en-US\"},{\"@type\":\"Organization\",\"@id\":\"https:\/\/www.ultragenyx.com\/mx\/#organization\",\"name\":\"Ultragenyx Mexico\",\"url\":\"https:\/\/www.ultragenyx.com\/mx\/\",\"logo\":{\"@type\":\"ImageObject\",\"inLanguage\":\"en-US\",\"@id\":\"https:\/\/www.ultragenyx.com\/mx\/#\/schema\/logo\/image\/\",\"url\":\"https:\/\/www.ultragenyx.com\/mx\/wp-content\/uploads\/sites\/6\/2023\/02\/ultragenyx-logo.png\",\"contentUrl\":\"https:\/\/www.ultragenyx.com\/mx\/wp-content\/uploads\/sites\/6\/2023\/02\/ultragenyx-logo.png\",\"width\":1000,\"height\":374,\"caption\":\"Ultragenyx Mexico\"},\"image\":{\"@id\":\"https:\/\/www.ultragenyx.com\/mx\/#\/schema\/logo\/image\/\"}}]}<\/script>\n<!-- \/ Yoast SEO plugin. -->","yoast_head_json":{"title":"Privacy Policy - Ultragenyx Mexico","robots":{"index":"index","follow":"follow","max-snippet":"max-snippet:-1","max-image-preview":"max-image-preview:large","max-video-preview":"max-video-preview:-1"},"canonical":"https:\/\/www.ultragenyx.com\/mx\/privacy-policy\/","og_locale":"en_US","og_type":"article","og_title":"Privacy Policy - Ultragenyx Mexico","og_description":"Por Favor Lea Atentamente Antes de Usar Este Sitio Web Ultragenyx Pharmaceutical Inc. con sede social en 60 Leveroni Court, Novato, CA 94949 (de aqu\u00ed en adelante \u201cUltragenyx\u201d o \u201cnosotros\u201d o \u201cnuestro\u201d) respeta la privacidad de los visitantes del sitio web y valora la confianza de sus clientes, socios, pacientes y empleados. Esta Pol\u00edtica de [&hellip;]","og_url":"https:\/\/www.ultragenyx.com\/mx\/privacy-policy\/","og_site_name":"Ultragenyx Mexico","article_modified_time":"2023-03-31T17:49:40+00:00","twitter_card":"summary_large_image","twitter_misc":{"Est. reading time":"9 minutes"},"schema":{"@context":"https:\/\/schema.org","@graph":[{"@type":"WebPage","@id":"https:\/\/www.ultragenyx.com\/mx\/privacy-policy\/","url":"https:\/\/www.ultragenyx.com\/mx\/privacy-policy\/","name":"Privacy Policy - Ultragenyx Mexico","isPartOf":{"@id":"https:\/\/www.ultragenyx.com\/mx\/#website"},"datePublished":"2023-02-14T13:35:14+00:00","dateModified":"2023-03-31T17:49:40+00:00","breadcrumb":{"@id":"https:\/\/www.ultragenyx.com\/mx\/privacy-policy\/#breadcrumb"},"inLanguage":"en-US","potentialAction":[{"@type":"ReadAction","target":["https:\/\/www.ultragenyx.com\/mx\/privacy-policy\/"]}]},{"@type":"BreadcrumbList","@id":"https:\/\/www.ultragenyx.com\/mx\/privacy-policy\/#breadcrumb","itemListElement":[{"@type":"ListItem","position":1,"name":"Home","item":"https:\/\/www.ultragenyx.com\/mx\/"},{"@type":"ListItem","position":2,"name":"Privacy Policy"}]},{"@type":"WebSite","@id":"https:\/\/www.ultragenyx.com\/mx\/#website","url":"https:\/\/www.ultragenyx.com\/mx\/","name":"Ultragenyx Mexico","description":"","publisher":{"@id":"https:\/\/www.ultragenyx.com\/mx\/#organization"},"potentialAction":[{"@type":"SearchAction","target":{"@type":"EntryPoint","urlTemplate":"https:\/\/www.ultragenyx.com\/mx\/?s={search_term_string}"},"query-input":{"@type":"PropertyValueSpecification","valueRequired":true,"valueName":"search_term_string"}}],"inLanguage":"en-US"},{"@type":"Organization","@id":"https:\/\/www.ultragenyx.com\/mx\/#organization","name":"Ultragenyx Mexico","url":"https:\/\/www.ultragenyx.com\/mx\/","logo":{"@type":"ImageObject","inLanguage":"en-US","@id":"https:\/\/www.ultragenyx.com\/mx\/#\/schema\/logo\/image\/","url":"https:\/\/www.ultragenyx.com\/mx\/wp-content\/uploads\/sites\/6\/2023\/02\/ultragenyx-logo.png","contentUrl":"https:\/\/www.ultragenyx.com\/mx\/wp-content\/uploads\/sites\/6\/2023\/02\/ultragenyx-logo.png","width":1000,"height":374,"caption":"Ultragenyx Mexico"},"image":{"@id":"https:\/\/www.ultragenyx.com\/mx\/#\/schema\/logo\/image\/"}}]}},"_links":{"self":[{"href":"https:\/\/www.ultragenyx.com\/mx\/wp-json\/wp\/v2\/pages\/35","targetHints":{"allow":["GET"]}}],"collection":[{"href":"https:\/\/www.ultragenyx.com\/mx\/wp-json\/wp\/v2\/pages"}],"about":[{"href":"https:\/\/www.ultragenyx.com\/mx\/wp-json\/wp\/v2\/types\/page"}],"author":[{"embeddable":true,"href":"https:\/\/www.ultragenyx.com\/mx\/wp-json\/wp\/v2\/users\/1"}],"replies":[{"embeddable":true,"href":"https:\/\/www.ultragenyx.com\/mx\/wp-json\/wp\/v2\/comments?post=35"}],"version-history":[{"count":7,"href":"https:\/\/www.ultragenyx.com\/mx\/wp-json\/wp\/v2\/pages\/35\/revisions"}],"predecessor-version":[{"id":198,"href":"https:\/\/www.ultragenyx.com\/mx\/wp-json\/wp\/v2\/pages\/35\/revisions\/198"}],"wp:attachment":[{"href":"https:\/\/www.ultragenyx.com\/mx\/wp-json\/wp\/v2\/media?parent=35"}],"curies":[{"name":"wp","href":"https:\/\/api.w.org\/{rel}","templated":true}]}}