{"id":41,"date":"2022-11-09T09:08:35","date_gmt":"2022-11-09T09:08:35","guid":{"rendered":"https:\/\/dev.ultragenyx.com\/jp\/?page_id=41"},"modified":"2024-12-19T14:30:50","modified_gmt":"2024-12-19T14:30:50","slug":"contact-us","status":"publish","type":"page","link":"https:\/\/www.ultragenyx.com\/jp\/contact-us\/","title":{"rendered":"Contact Us"},"content":{"rendered":"\r\n<div class=\"wp-block-group alignfull japan-page-banner desktop-visible is-layout-flow wp-block-group-is-layout-flow\">\r\n<div class=\"wp-block-cover is-light\" style=\"padding-top:0px;padding-right:0px;padding-bottom:0px;padding-left:0px;min-height:250px;aspect-ratio:unset;\"><span aria-hidden=\"true\" class=\"wp-block-cover__background has-background-dim-0 has-background-dim\"><\/span><img loading=\"lazy\" decoding=\"async\" width=\"2842\" height=\"562\" class=\"wp-block-cover__image-background wp-image-151\" alt=\"\" src=\"https:\/\/www.ultragenyx.com\/jp\/wp-content\/uploads\/sites\/2\/2022\/11\/contact_banner_desk-1-1.png\" data-object-fit=\"cover\"\/><div class=\"wp-block-cover__inner-container is-layout-flow wp-block-cover-is-layout-flow\">\r\n<div class=\"wp-block-group is-layout-constrained wp-block-group-is-layout-constrained\">\r\n<div class=\"wp-block-columns container is-layout-flex wp-container-core-columns-is-layout-28f84493 wp-block-columns-is-layout-flex\">\r\n<div class=\"wp-block-column is-layout-flow wp-block-column-is-layout-flow\" style=\"flex-basis:40%\">\r\n<h2 class=\"wp-block-heading has-text-align-left\">\u304a\u554f\u3044\u5408\u308f\u305b<\/h2>\r\n<\/div>\r\n\r\n\r\n\r\n<div class=\"wp-block-column is-layout-flow wp-block-column-is-layout-flow\"><\/div>\r\n<\/div>\r\n<\/div>\r\n<\/div><\/div>\r\n<\/div>\r\n\r\n\r\n\r\n<div class=\"wp-block-group japan-page-banner japan-page-banner-mob mobile-visible is-layout-flow wp-block-group-is-layout-flow\">\r\n<figure class=\"wp-block-image size-full\"><img loading=\"lazy\" decoding=\"async\" width=\"780\" height=\"254\" src=\"https:\/\/www.ultragenyx.com\/jp\/wp-content\/uploads\/sites\/2\/2022\/11\/contact_banner_mob-1.png\" alt=\"\" class=\"wp-image-153\"\/><\/figure>\r\n\r\n\r\n\r\n<h2 class=\"wp-block-heading has-text-align-left\">\u304a\u554f\u3044\u5408\u308f\u305b<\/h2>\r\n<\/div>\r\n\r\n\r\n\r\n<div style=\"height:35px\" aria-hidden=\"true\" class=\"wp-block-spacer\"><\/div>\r\n\r\n\r\n\r\n<div class=\"wp-block-group alignfull border-bottom-gray is-layout-flow wp-block-group-is-layout-flow\">\r\n<div class=\"wp-block-group is-layout-constrained wp-container-core-group-is-layout-2db066cb wp-block-group-is-layout-constrained\">\r\n<div class=\"wp-block-group container is-layout-constrained wp-block-group-is-layout-constrained\">\r\n<h3 class=\"wp-block-heading\" style=\"font-style:normal;font-weight:500\">\u304a\u554f\u3044\u5408\u308f\u305b\u5148<\/h3>\r\n\r\n\r\n\r\n<div style=\"height:35px\" aria-hidden=\"true\" class=\"wp-block-spacer\"><\/div>\r\n\r\n\r\n\r\n<div class=\"wp-block-columns mb-mob-30 is-layout-flex wp-container-core-columns-is-layout-354f0402 wp-block-columns-is-layout-flex\" style=\"margin-bottom:50px\">\r\n<div class=\"wp-block-column is-layout-flow wp-block-column-is-layout-flow\">\r\n<div class=\"wp-block-group is-layout-flow wp-block-group-is-layout-flow\">\r\n<h4 class=\"wp-block-heading\" style=\"margin-bottom:5px\"><strong>Ultragenyx Japan\u682a\u5f0f\u4f1a\u793e<\/strong><\/h4>\r\n\r\n\r\n\r\n<p>\u3012135-0063 \u6771\u4eac\u90fd\u6c5f\u6771\u533a\u6709\u660e\u4e09\u4e01\u76ee\uff17\u756a26\u53f7<\/p>\r\n\r\n\r\n\r\n<p>\u6709\u660e\u30d5\u30ed\u30f3\u30c6\u30a3\u30a2\u30d3\u30ebB\u68df9\u968e<\/p>\r\n\r\n\r\n\r\n<p><a href=\"tel:03-5530-9310\">03-5530-9310<\/a><\/p>\r\n\r\n\r\n\r\n<p>\u304a\u304f\u3059\u308a\u76f8\u8ac7\u7a93\u53e3<br>\u30d5\u30ea\u30fc\u30c0\u30a4\u30e4\u30eb\uff1a<a href=\"tel:0120-635-111\">0120-635-111<\/a><\/p>\r\n\r\n\r\n\r\n<p>\u53d7\u4ed8\u6642\u9593\uff1a9:00 \u2013 17:00 \uff08\u571f\u30fb\u65e5\u30fb\u795d\u65e5\u53ca\u3073\u4f1a\u793e\u4f11\u65e5\u3092\u9664\u304f\uff09<\/p>\r\n\r\n\r\n\r\n<p>e-mail\uff1a<a href=\"mailto:info-japan@ultragenyx.com\">info-japan@ultragenyx.com<\/a><\/p>\r\n<\/div>\r\n<\/div>\r\n\r\n\r\n\r\n<div class=\"wp-block-column is-layout-flow wp-block-column-is-layout-flow\">\r\n<div class=\"wp-block-group is-layout-flow wp-block-group-is-layout-flow\">\r\n<h4 class=\"wp-block-heading\" style=\"margin-bottom:5px\"><strong>Global Headquarters \u2013 U.S.<\/strong><\/h4>\r\n\r\n\r\n\r\n<p>60 Leveroni Court<br>Novato, CA 94949<\/p>\r\n\r\n\r\n\r\n<p><a href=\"tel:+1 415 483 8800\">+1 415 483 8800<\/a><\/p>\r\n<\/div>\r\n<\/div>\r\n\r\n\r\n\r\n<div class=\"wp-block-column is-layout-flow wp-block-column-is-layout-flow\">\r\n<div class=\"wp-block-group is-layout-flow wp-block-group-is-layout-flow\">\r\n<h4 class=\"wp-block-heading\" style=\"margin-bottom:5px\"><strong>Gene Therapy Headquarters \u2013 U.S<\/strong><\/h4>\r\n\r\n\r\n\r\n<p>100 Chestnut St<br>Somerville, MA 02143<\/p>\r\n\r\n\r\n\r\n<p><a href=\"tel:+1 617 714 0711\">+1 617 714 0711<\/a><\/p>\r\n<\/div>\r\n<\/div>\r\n<\/div>\r\n\r\n\r\n\r\n<div class=\"wp-block-columns mb-mob-30 is-layout-flex wp-container-core-columns-is-layout-56798fea wp-block-columns-is-layout-flex\" style=\"margin-bottom:50px\">\r\n<div class=\"wp-block-column is-layout-flow wp-block-column-is-layout-flow\">\r\n<div class=\"wp-block-group is-layout-flow wp-block-group-is-layout-flow\">\r\n<h4 class=\"wp-block-heading\" style=\"margin-bottom:5px\"><strong>Switzerland\r\n<\/strong><\/h4>\r\n\r\n\r\n\r\n<p>Office Basel:<\/br>\r\nWSJ 210\/11<\/br>\r\nLichtstrasse 35<\/br>\r\nPostfach 3775<\/br>\r\n4002 Basel \/ Switzerland<\/br><\/br>\r\n\r\nOffice Zurich:<\/br>\r\nTalacker 41<\/br>\r\n8001 Zurich \/ Switzerland<\/p>\r\n<\/div>\r\n<\/div>\r\n\r\n\r\n\r\n<div class=\"wp-block-column is-layout-flow wp-block-column-is-layout-flow\">\r\n<div class=\"wp-block-group is-layout-flow wp-block-group-is-layout-flow\">\r\n<h4 class=\"wp-block-heading\" style=\"margin-bottom:5px\"><strong>Netherlands<\/strong><\/h4>\r\n\r\n\r\n\r\n<p>Evert van de Beekstraat 1, Unit 104 1118 CL Schiphol, Netherlands<\/p>\r\n<\/div>\r\n<\/div>\r\n\r\n\r\n\r\n<div class=\"wp-block-column is-layout-flow wp-block-column-is-layout-flow\">\r\n<div class=\"wp-block-group is-layout-flow wp-block-group-is-layout-flow\">\r\n<h4 class=\"wp-block-heading\" style=\"margin-bottom:5px\"><strong>Germany<\/strong><\/h4>\r\n\r\n\r\n\r\n<p>Rahel-Hirsch-Str. 10<br>10557 Berlin, Germany<\/p>\r\n<\/div>\r\n<\/div>\r\n<\/div>\r\n\r\n\r\n\r\n\r\n\r\n<div class=\"wp-block-columns mb-mob-30 is-layout-flex wp-container-core-columns-is-layout-cae7e9ca wp-block-columns-is-layout-flex\" style=\"margin-bottom:30px\">\r\n<div class=\"wp-block-column is-layout-flow wp-block-column-is-layout-flow\">\r\n<div class=\"wp-block-group is-layout-flow wp-block-group-is-layout-flow\">\r\n<h4 class=\"wp-block-heading\" style=\"margin-bottom:5px\"><strong>Argentina<\/strong><\/h4>\r\n\r\n\r\n\r\n<p>Regus 2442 Av. Del Libertador, <br>\r\n4 floor \u2013 Olivos,<br>\r\nBuenos Aires, Argentina<\/p>\r\n<\/div>\r\n<\/div>\r\n\r\n\r\n\r\n<div class=\"wp-block-column is-layout-flow wp-block-column-is-layout-flow\">\r\n<div class=\"wp-block-group is-layout-flow wp-block-group-is-layout-flow\">\r\n<h4 class=\"wp-block-heading\" style=\"margin-bottom:5px\"><strong>Latin America<\/strong><\/h4>\r\n\r\n\r\n\r\n<p>703 Waterford Way<br>Suite 890<br>Miami, FL 33126<\/p>\r\n<\/div>\r\n<\/div>\r\n\r\n\r\n\r\n<div class=\"wp-block-column is-layout-flow wp-block-column-is-layout-flow\">\r\n<div class=\"wp-block-group is-layout-flow wp-block-group-is-layout-flow\">\r\n<h4 class=\"wp-block-heading\" style=\"margin-bottom:5px\"><strong>Brazil<\/strong><\/h4>\r\n\r\n\r\n\r\n<p>Av. Pres. Juscelino Kubitschek, 2041<br>Torre D- 18 andar<br>Vila Nova Concei\u00e7\u00e3o<br>S\u00e3o Paulo \/ SP. 04543-011<\/p>\r\n\r\n\r\n\r\n<\/div>\r\n<\/div>\r\n<\/div>\r\n<div class=\"wp-block-columns mb-mob-30\" style=\"margin-bottom:30px\">\r\n<div class=\"wp-block-column is-layout-flow wp-block-column-is-layout-flow\">\r\n<div class=\"wp-block-group is-layout-flow wp-block-group-is-layout-flow\">\r\n<h4 class=\"wp-block-heading\" style=\"margin-bottom:5px\"><strong>Italy<\/strong><\/h4>\r\n\r\n\r\n\r\n<p>\r\nVia Cassala 57,<br\/>\r\nSuite 403, Milan, Italy<\/p>\r\n<\/div>\r\n<\/div>\r\n<\/div>\r\n\r\n<\/div>\r\n<\/div>\r\n\r\n\r\n\r\n\r\n\r\n<div class=\"wp-block-group alignfull has-background is-layout-flow wp-block-group-is-layout-flow\" style=\"background-color:#fbf4f9;padding-top:40px;padding-bottom:40px\">\r\n<p class=\"has-text-align-center pb-0 exit-modal\"><a href=\"\/\">\u7c73\u56fd\u672c\u793e\u30a6\u30a7\u30d6\u30b5\u30a4\u30c8&nbsp;&gt;<\/a><\/p>\r\n<\/div>\r\n\r\n\r\n\r\n","protected":false},"excerpt":{"rendered":"<p>\u304a\u554f\u3044\u5408\u308f\u305b \u304a\u554f\u3044\u5408\u308f\u305b\u5148 Ultragenyx Japan\u682a\u5f0f\u4f1a\u793e \u3012135-0063 \u6771\u4eac\u90fd\u6c5f\u6771\u533a\u6709\u660e\u4e09\u4e01\u76ee\uff17\u756a26\u53f7 \u6709\u660e\u30d5\u30ed\u30f3\u30c6\u30a3\u30a2\u30d3\u30ebB\u68df9\u968e 03-5530-9310 \u304a\u304f\u3059\u308a\u76f8\u8ac7\u7a93\u53e3\u30d5\u30ea\u30fc\u30c0\u30a4\u30e4\u30eb\uff1a0120-635-111 \u53d7\u4ed8\u6642\u9593\uff1a9:00 \u2013 17:00 \uff08\u571f\u30fb\u65e5\u30fb\u795d\u65e5\u53ca\u3073\u4f1a\u793e\u4f11\u65e5\u3092\u9664\u304f\uff09 e-mail\uff1ainfo-japan@ultragenyx.com Global Headquarters \u2013 U.S. 60 Leveroni CourtNovato, CA 94949 +1 415 483 8800 Gene Therapy Headquarters \u2013 U.S 100 Chestnut StSomerville, MA 02143 +1 617 714 0711 Switzerland Office Basel: WSJ 210\/11 Lichtstrasse 35 Postfach 3775 4002 Basel \/ Switzerland Office [&hellip;]<\/p>\n","protected":false},"author":36,"featured_media":0,"parent":0,"menu_order":0,"comment_status":"closed","ping_status":"closed","template":"page-common-japan","meta":{"_acf_changed":false,"footnotes":""},"class_list":["post-41","page","type-page","status-publish","hentry"],"acf":[],"yoast_head":"<!-- This site is optimized with the Yoast SEO plugin v26.8 - https:\/\/yoast.com\/product\/yoast-seo-wordpress\/ -->\n<title>\u304a\u554f\u3044\u5408\u308f\u305b - Ultragenyx<\/title>\n<meta name=\"description\" content=\"\u30b0\u30ed\u30fc\u30d0\u30eb\u306eUltragenyx\u554f\u3044\u5408\u308f\u305b\u5148\u3092\u898b\u308b\" \/>\n<meta name=\"robots\" content=\"index, follow, max-snippet:-1, max-image-preview:large, max-video-preview:-1\" \/>\n<link rel=\"canonical\" href=\"https:\/\/www.ultragenyx.com\/jp\/contact-us\/\" \/>\n<meta property=\"og:locale\" content=\"en_US\" \/>\n<meta property=\"og:type\" content=\"article\" \/>\n<meta property=\"og:title\" content=\"\u304a\u554f\u3044\u5408\u308f\u305b - Ultragenyx\" \/>\n<meta property=\"og:description\" content=\"\u30b0\u30ed\u30fc\u30d0\u30eb\u306eUltragenyx\u554f\u3044\u5408\u308f\u305b\u5148\u3092\u898b\u308b\" \/>\n<meta property=\"og:url\" content=\"https:\/\/www.ultragenyx.com\/jp\/contact-us\/\" \/>\n<meta property=\"og:site_name\" content=\"Ultragenyx Japan\" \/>\n<meta property=\"article:modified_time\" content=\"2024-12-19T14:30:50+00:00\" \/>\n<meta property=\"og:image\" content=\"https:\/\/www.ultragenyx.com\/jp\/wp-content\/uploads\/sites\/2\/2022\/11\/contact_banner_desk-1-1.png\" \/>\n<meta name=\"twitter:card\" content=\"summary_large_image\" \/>\n<meta name=\"twitter:label1\" content=\"Est. reading time\" \/>\n\t<meta name=\"twitter:data1\" content=\"1 minute\" \/>\n<script type=\"application\/ld+json\" class=\"yoast-schema-graph\">{\"@context\":\"https:\/\/schema.org\",\"@graph\":[{\"@type\":\"WebPage\",\"@id\":\"https:\/\/www.ultragenyx.com\/jp\/contact-us\/\",\"url\":\"https:\/\/www.ultragenyx.com\/jp\/contact-us\/\",\"name\":\"\u304a\u554f\u3044\u5408\u308f\u305b - Ultragenyx\",\"isPartOf\":{\"@id\":\"https:\/\/www.ultragenyx.com\/jp\/#website\"},\"primaryImageOfPage\":{\"@id\":\"https:\/\/www.ultragenyx.com\/jp\/contact-us\/#primaryimage\"},\"image\":{\"@id\":\"https:\/\/www.ultragenyx.com\/jp\/contact-us\/#primaryimage\"},\"thumbnailUrl\":\"https:\/\/www.ultragenyx.com\/jp\/wp-content\/uploads\/sites\/2\/2022\/11\/contact_banner_desk-1-1.png\",\"datePublished\":\"2022-11-09T09:08:35+00:00\",\"dateModified\":\"2024-12-19T14:30:50+00:00\",\"description\":\"\u30b0\u30ed\u30fc\u30d0\u30eb\u306eUltragenyx\u554f\u3044\u5408\u308f\u305b\u5148\u3092\u898b\u308b\",\"inLanguage\":\"en-US\",\"potentialAction\":[{\"@type\":\"ReadAction\",\"target\":[\"https:\/\/www.ultragenyx.com\/jp\/contact-us\/\"]}]},{\"@type\":\"ImageObject\",\"inLanguage\":\"en-US\",\"@id\":\"https:\/\/www.ultragenyx.com\/jp\/contact-us\/#primaryimage\",\"url\":\"https:\/\/www.ultragenyx.com\/jp\/wp-content\/uploads\/sites\/2\/2022\/11\/contact_banner_desk-1-1.png\",\"contentUrl\":\"https:\/\/www.ultragenyx.com\/jp\/wp-content\/uploads\/sites\/2\/2022\/11\/contact_banner_desk-1-1.png\",\"width\":2842,\"height\":562},{\"@type\":\"WebSite\",\"@id\":\"https:\/\/www.ultragenyx.com\/jp\/#website\",\"url\":\"https:\/\/www.ultragenyx.com\/jp\/\",\"name\":\"Ultragenyx Japan\",\"description\":\"\",\"publisher\":{\"@id\":\"https:\/\/www.ultragenyx.com\/jp\/#organization\"},\"potentialAction\":[{\"@type\":\"SearchAction\",\"target\":{\"@type\":\"EntryPoint\",\"urlTemplate\":\"https:\/\/www.ultragenyx.com\/jp\/?s={search_term_string}\"},\"query-input\":{\"@type\":\"PropertyValueSpecification\",\"valueRequired\":true,\"valueName\":\"search_term_string\"}}],\"inLanguage\":\"en-US\"},{\"@type\":\"Organization\",\"@id\":\"https:\/\/www.ultragenyx.com\/jp\/#organization\",\"name\":\"Ultragenyx Japan\",\"url\":\"https:\/\/www.ultragenyx.com\/jp\/\",\"logo\":{\"@type\":\"ImageObject\",\"inLanguage\":\"en-US\",\"@id\":\"https:\/\/www.ultragenyx.com\/jp\/#\/schema\/logo\/image\/\",\"url\":\"https:\/\/www.ultragenyx.com\/jp\/wp-content\/uploads\/sites\/2\/2022\/11\/logo-ultragenyx-2-1.png\",\"contentUrl\":\"https:\/\/www.ultragenyx.com\/jp\/wp-content\/uploads\/sites\/2\/2022\/11\/logo-ultragenyx-2-1.png\",\"width\":1454,\"height\":600,\"caption\":\"Ultragenyx Japan\"},\"image\":{\"@id\":\"https:\/\/www.ultragenyx.com\/jp\/#\/schema\/logo\/image\/\"}}]}<\/script>\n<!-- \/ Yoast SEO plugin. -->","yoast_head_json":{"title":"\u304a\u554f\u3044\u5408\u308f\u305b - Ultragenyx","description":"\u30b0\u30ed\u30fc\u30d0\u30eb\u306eUltragenyx\u554f\u3044\u5408\u308f\u305b\u5148\u3092\u898b\u308b","robots":{"index":"index","follow":"follow","max-snippet":"max-snippet:-1","max-image-preview":"max-image-preview:large","max-video-preview":"max-video-preview:-1"},"canonical":"https:\/\/www.ultragenyx.com\/jp\/contact-us\/","og_locale":"en_US","og_type":"article","og_title":"\u304a\u554f\u3044\u5408\u308f\u305b - Ultragenyx","og_description":"\u30b0\u30ed\u30fc\u30d0\u30eb\u306eUltragenyx\u554f\u3044\u5408\u308f\u305b\u5148\u3092\u898b\u308b","og_url":"https:\/\/www.ultragenyx.com\/jp\/contact-us\/","og_site_name":"Ultragenyx Japan","article_modified_time":"2024-12-19T14:30:50+00:00","og_image":[{"url":"https:\/\/www.ultragenyx.com\/jp\/wp-content\/uploads\/sites\/2\/2022\/11\/contact_banner_desk-1-1.png","type":"","width":"","height":""}],"twitter_card":"summary_large_image","twitter_misc":{"Est. reading time":"1 minute"},"schema":{"@context":"https:\/\/schema.org","@graph":[{"@type":"WebPage","@id":"https:\/\/www.ultragenyx.com\/jp\/contact-us\/","url":"https:\/\/www.ultragenyx.com\/jp\/contact-us\/","name":"\u304a\u554f\u3044\u5408\u308f\u305b - Ultragenyx","isPartOf":{"@id":"https:\/\/www.ultragenyx.com\/jp\/#website"},"primaryImageOfPage":{"@id":"https:\/\/www.ultragenyx.com\/jp\/contact-us\/#primaryimage"},"image":{"@id":"https:\/\/www.ultragenyx.com\/jp\/contact-us\/#primaryimage"},"thumbnailUrl":"https:\/\/www.ultragenyx.com\/jp\/wp-content\/uploads\/sites\/2\/2022\/11\/contact_banner_desk-1-1.png","datePublished":"2022-11-09T09:08:35+00:00","dateModified":"2024-12-19T14:30:50+00:00","description":"\u30b0\u30ed\u30fc\u30d0\u30eb\u306eUltragenyx\u554f\u3044\u5408\u308f\u305b\u5148\u3092\u898b\u308b","inLanguage":"en-US","potentialAction":[{"@type":"ReadAction","target":["https:\/\/www.ultragenyx.com\/jp\/contact-us\/"]}]},{"@type":"ImageObject","inLanguage":"en-US","@id":"https:\/\/www.ultragenyx.com\/jp\/contact-us\/#primaryimage","url":"https:\/\/www.ultragenyx.com\/jp\/wp-content\/uploads\/sites\/2\/2022\/11\/contact_banner_desk-1-1.png","contentUrl":"https:\/\/www.ultragenyx.com\/jp\/wp-content\/uploads\/sites\/2\/2022\/11\/contact_banner_desk-1-1.png","width":2842,"height":562},{"@type":"WebSite","@id":"https:\/\/www.ultragenyx.com\/jp\/#website","url":"https:\/\/www.ultragenyx.com\/jp\/","name":"Ultragenyx Japan","description":"","publisher":{"@id":"https:\/\/www.ultragenyx.com\/jp\/#organization"},"potentialAction":[{"@type":"SearchAction","target":{"@type":"EntryPoint","urlTemplate":"https:\/\/www.ultragenyx.com\/jp\/?s={search_term_string}"},"query-input":{"@type":"PropertyValueSpecification","valueRequired":true,"valueName":"search_term_string"}}],"inLanguage":"en-US"},{"@type":"Organization","@id":"https:\/\/www.ultragenyx.com\/jp\/#organization","name":"Ultragenyx Japan","url":"https:\/\/www.ultragenyx.com\/jp\/","logo":{"@type":"ImageObject","inLanguage":"en-US","@id":"https:\/\/www.ultragenyx.com\/jp\/#\/schema\/logo\/image\/","url":"https:\/\/www.ultragenyx.com\/jp\/wp-content\/uploads\/sites\/2\/2022\/11\/logo-ultragenyx-2-1.png","contentUrl":"https:\/\/www.ultragenyx.com\/jp\/wp-content\/uploads\/sites\/2\/2022\/11\/logo-ultragenyx-2-1.png","width":1454,"height":600,"caption":"Ultragenyx Japan"},"image":{"@id":"https:\/\/www.ultragenyx.com\/jp\/#\/schema\/logo\/image\/"}}]}},"_links":{"self":[{"href":"https:\/\/www.ultragenyx.com\/jp\/wp-json\/wp\/v2\/pages\/41","targetHints":{"allow":["GET"]}}],"collection":[{"href":"https:\/\/www.ultragenyx.com\/jp\/wp-json\/wp\/v2\/pages"}],"about":[{"href":"https:\/\/www.ultragenyx.com\/jp\/wp-json\/wp\/v2\/types\/page"}],"author":[{"embeddable":true,"href":"https:\/\/www.ultragenyx.com\/jp\/wp-json\/wp\/v2\/users\/36"}],"replies":[{"embeddable":true,"href":"https:\/\/www.ultragenyx.com\/jp\/wp-json\/wp\/v2\/comments?post=41"}],"version-history":[{"count":67,"href":"https:\/\/www.ultragenyx.com\/jp\/wp-json\/wp\/v2\/pages\/41\/revisions"}],"predecessor-version":[{"id":581,"href":"https:\/\/www.ultragenyx.com\/jp\/wp-json\/wp\/v2\/pages\/41\/revisions\/581"}],"wp:attachment":[{"href":"https:\/\/www.ultragenyx.com\/jp\/wp-json\/wp\/v2\/media?parent=41"}],"curies":[{"name":"wp","href":"https:\/\/api.w.org\/{rel}","templated":true}]}}