{"id":53,"date":"2023-02-14T13:15:02","date_gmt":"2023-02-14T13:15:02","guid":{"rendered":"https:\/\/devw.ultragenyx.com\/ar\/?page_id=53"},"modified":"2023-04-27T16:58:44","modified_gmt":"2023-04-27T16:58:44","slug":"our-products","status":"publish","type":"page","link":"https:\/\/www.ultragenyx.com\/ar\/our-products\/","title":{"rendered":"Our Products"},"content":{"rendered":"\n<div class=\"wp-block-group alignfull banner-inner banner-product has-purple-to-green-gradient-background has-background is-layout-flow wp-block-group-is-layout-flow\" style=\"padding-top:0px;padding-right:0px;padding-bottom:0px;padding-left:0px\">\n<div class=\"wp-block-cover is-light d-none d-lg-flex banner-desk\" style=\"padding-top:0px;padding-right:0px;padding-bottom:0px;padding-left:0px;min-height:240px;aspect-ratio:unset;\"><span aria-hidden=\"true\" class=\"wp-block-cover__background has-background-dim-0 has-background-dim\"><\/span><img loading=\"lazy\" decoding=\"async\" width=\"3396\" height=\"480\" class=\"wp-block-cover__image-background wp-image-231\" alt=\"\" src=\"https:\/\/www.ultragenyx.com\/ar\/wp-content\/uploads\/sites\/3\/2023\/02\/Header-medicines-desk-new.jpg\" data-object-fit=\"cover\"\/><div class=\"wp-block-cover__inner-container is-layout-flow wp-block-cover-is-layout-flow\">\n<div class=\"wp-block-group container is-layout-constrained wp-block-group-is-layout-constrained\">\n<div class=\"wp-block-columns is-layout-flex wp-container-core-columns-is-layout-2eb748b2 wp-block-columns-is-layout-flex\" style=\"margin-top:0px;margin-bottom:0px\">\n<div class=\"wp-block-column is-layout-flow wp-block-column-is-layout-flow\">\n<h1 class=\"has-background-color has-text-color wp-block-heading\">Nuestros <br>Productos<\/h1>\n<\/div>\n\n\n\n<div class=\"wp-block-column is-layout-flow wp-block-column-is-layout-flow\"><\/div>\n<\/div>\n<\/div>\n<\/div><\/div>\n\n\n\n<div class=\"wp-block-cover is-light d-lg-none banner-mob\" style=\"padding-top:0px;padding-right:0px;padding-bottom:0px;padding-left:0px;min-height:185px;aspect-ratio:unset;\"><span aria-hidden=\"true\" class=\"wp-block-cover__background has-background-dim-0 has-background-dim\"><\/span><img loading=\"lazy\" decoding=\"async\" width=\"750\" height=\"370\" class=\"wp-block-cover__image-background wp-image-215\" alt=\"\" src=\"https:\/\/www.ultragenyx.com\/ar\/wp-content\/uploads\/sites\/3\/2023\/02\/our-product-banner-mob.png\" data-object-fit=\"cover\"\/><div class=\"wp-block-cover__inner-container is-layout-flow wp-block-cover-is-layout-flow\">\n<div class=\"wp-block-group container is-layout-constrained wp-block-group-is-layout-constrained\">\n<div class=\"wp-block-columns is-layout-flex wp-container-core-columns-is-layout-2eb748b2 wp-block-columns-is-layout-flex\" style=\"margin-top:0px;margin-bottom:0px\">\n<div class=\"wp-block-column is-layout-flow wp-block-column-is-layout-flow\">\n<h1 class=\"has-background-color has-text-color wp-block-heading\">Nuestros <br>Productos<\/h1>\n<\/div>\n\n\n\n<div class=\"wp-block-column is-layout-flow wp-block-column-is-layout-flow\"><\/div>\n<\/div>\n<\/div>\n<\/div><\/div>\n<\/div>\n\n\n\n<div class=\"wp-block-group alignfull section-padding is-layout-flow wp-block-group-is-layout-flow\">\n<div class=\"wp-block-group alignfull container is-layout-flow wp-block-group-is-layout-flow\">\n<h2 class=\"wp-block-heading\" style=\"margin-bottom:15px\">Desarrollamos terapias innovadoras para pacientes con enfermedades gen\u00e9ticas raras y ultrararas graves.<\/h2>\n\n\n\n<p style=\"margin-bottom:40px\">Nuestro enfoque ha llevado a que multiples tratamientos de enfermedades raras est\u00e9n disponibles por primera vez en la historia de una manera m\u00e1s r\u00e1pida que la media de la industria.<\/p>\n\n\n\n<div class=\"wp-block-columns med-card-wrap card-center is-layout-flex wp-container-core-columns-is-layout-d05c7dfd wp-block-columns-is-layout-flex\">\n<div class=\"wp-block-column is-layout-flow wp-block-column-is-layout-flow\">\n<div class=\"wp-block-group medicine-block has-gray-3-background-color has-background is-layout-flow wp-block-group-is-layout-flow\" style=\"padding-top:0px;padding-right:0px;padding-bottom:0px;padding-left:0px\">\n<div class=\"wp-block-group med-block-head has-gray-4-background-color has-background is-layout-constrained wp-block-group-is-layout-constrained\">\n<h3 class=\"has-text-align-center wp-block-heading\" style=\"font-style:normal;font-weight:700\">CRYSVITA\u00ae<\/h3>\n<\/div>\n\n\n\n<div class=\"wp-block-group med-block-body is-layout-constrained wp-container-core-group-is-layout-f146516b wp-block-group-is-layout-constrained\" style=\"padding-top:30px;padding-right:10px;padding-bottom:30px;padding-left:10px\">\n<figure class=\"wp-block-image size-full is-resized\"><img loading=\"lazy\" decoding=\"async\" src=\"https:\/\/www.ultragenyx.com\/ar\/wp-content\/uploads\/sites\/3\/2023\/03\/CRYSVITA-logo.png\" alt=\"CRYSVITA\u00ae (burosumab) logo\" class=\"wp-image-315\" width=\"184\" height=\"129\"\/><\/figure>\n\n\n\n<p class=\"cta-download has-foreground-color has-text-color\" style=\"font-style:normal;font-weight:700\"><a href=\"https:\/\/www.ultragenyx.com\/ar\/wp-content\/uploads\/sites\/3\/2023\/03\/Crysvita-ARG-HCP-PI-MA-APPROVED-Aug2022.pdf\" target=\"_blank\" rel=\"noopener\">Lea el prospecto de CRYSVITA.<\/a><\/p>\n<\/div>\n<\/div>\n<\/div>\n<\/div>\n<\/div>\n<\/div>\n","protected":false},"excerpt":{"rendered":"<p>Desarrollamos terapias innovadoras para pacientes con enfermedades gen\u00e9ticas raras y ultrararas graves. Nuestro enfoque ha llevado a que multiples tratamientos de enfermedades raras est\u00e9n disponibles por primera vez en la historia de una manera m\u00e1s r\u00e1pida que la media de la industria. CRYSVITA\u00ae Lea el prospecto de CRYSVITA.<\/p>\n","protected":false},"author":1,"featured_media":0,"parent":0,"menu_order":0,"comment_status":"closed","ping_status":"closed","template":"page-common","meta":{"_acf_changed":false,"footnotes":""},"class_list":["post-53","page","type-page","status-publish","hentry"],"acf":[],"yoast_head":"<!-- This site is optimized with the Yoast SEO plugin v26.8 - https:\/\/yoast.com\/product\/yoast-seo-wordpress\/ -->\n<title>Para profesionales de la salud - Ultragenyx<\/title>\n<meta name=\"description\" content=\"Informaci\u00f3n para profesionales de la salud Argentinos\" \/>\n<meta name=\"robots\" content=\"index, follow, max-snippet:-1, max-image-preview:large, max-video-preview:-1\" \/>\n<link rel=\"canonical\" href=\"https:\/\/www.ultragenyx.com\/ar\/our-products\/\" \/>\n<meta property=\"og:locale\" content=\"en_US\" \/>\n<meta property=\"og:type\" content=\"article\" \/>\n<meta property=\"og:title\" content=\"Para profesionales de la salud (HCP)\" \/>\n<meta property=\"og:description\" content=\"Informaci\u00f3n para profesionales de la salud Argentinos\" \/>\n<meta property=\"og:url\" content=\"https:\/\/www.ultragenyx.com\/ar\/our-products\/\" \/>\n<meta property=\"og:site_name\" content=\"Ultragenyx Argentina\" \/>\n<meta property=\"article:modified_time\" content=\"2023-04-27T16:58:44+00:00\" \/>\n<meta property=\"og:image\" content=\"https:\/\/www.ultragenyx.com\/ar\/wp-content\/uploads\/sites\/3\/2023\/02\/Header-medicines-desk-new.jpg\" \/>\n<meta name=\"twitter:card\" content=\"summary_large_image\" \/>\n<meta name=\"twitter:label1\" content=\"Est. reading time\" \/>\n\t<meta name=\"twitter:data1\" content=\"1 minute\" \/>\n<script type=\"application\/ld+json\" class=\"yoast-schema-graph\">{\"@context\":\"https:\/\/schema.org\",\"@graph\":[{\"@type\":\"WebPage\",\"@id\":\"https:\/\/www.ultragenyx.com\/ar\/our-products\/\",\"url\":\"https:\/\/www.ultragenyx.com\/ar\/our-products\/\",\"name\":\"Para profesionales de la salud - Ultragenyx\",\"isPartOf\":{\"@id\":\"https:\/\/www.ultragenyx.com\/ar\/#website\"},\"primaryImageOfPage\":{\"@id\":\"https:\/\/www.ultragenyx.com\/ar\/our-products\/#primaryimage\"},\"image\":{\"@id\":\"https:\/\/www.ultragenyx.com\/ar\/our-products\/#primaryimage\"},\"thumbnailUrl\":\"https:\/\/www.ultragenyx.com\/ar\/wp-content\/uploads\/sites\/3\/2023\/02\/Header-medicines-desk-new.jpg\",\"datePublished\":\"2023-02-14T13:15:02+00:00\",\"dateModified\":\"2023-04-27T16:58:44+00:00\",\"description\":\"Informaci\u00f3n para profesionales de la salud Argentinos\",\"breadcrumb\":{\"@id\":\"https:\/\/www.ultragenyx.com\/ar\/our-products\/#breadcrumb\"},\"inLanguage\":\"en-US\",\"potentialAction\":[{\"@type\":\"ReadAction\",\"target\":[\"https:\/\/www.ultragenyx.com\/ar\/our-products\/\"]}]},{\"@type\":\"ImageObject\",\"inLanguage\":\"en-US\",\"@id\":\"https:\/\/www.ultragenyx.com\/ar\/our-products\/#primaryimage\",\"url\":\"https:\/\/www.ultragenyx.com\/ar\/wp-content\/uploads\/sites\/3\/2023\/02\/Header-medicines-desk-new.jpg\",\"contentUrl\":\"https:\/\/www.ultragenyx.com\/ar\/wp-content\/uploads\/sites\/3\/2023\/02\/Header-medicines-desk-new.jpg\",\"width\":3396,\"height\":480},{\"@type\":\"BreadcrumbList\",\"@id\":\"https:\/\/www.ultragenyx.com\/ar\/our-products\/#breadcrumb\",\"itemListElement\":[{\"@type\":\"ListItem\",\"position\":1,\"name\":\"Home\",\"item\":\"https:\/\/www.ultragenyx.com\/ar\/\"},{\"@type\":\"ListItem\",\"position\":2,\"name\":\"Our Products\"}]},{\"@type\":\"WebSite\",\"@id\":\"https:\/\/www.ultragenyx.com\/ar\/#website\",\"url\":\"https:\/\/www.ultragenyx.com\/ar\/\",\"name\":\"Ultragenyx Argentina\",\"description\":\"\",\"publisher\":{\"@id\":\"https:\/\/www.ultragenyx.com\/ar\/#organization\"},\"potentialAction\":[{\"@type\":\"SearchAction\",\"target\":{\"@type\":\"EntryPoint\",\"urlTemplate\":\"https:\/\/www.ultragenyx.com\/ar\/?s={search_term_string}\"},\"query-input\":{\"@type\":\"PropertyValueSpecification\",\"valueRequired\":true,\"valueName\":\"search_term_string\"}}],\"inLanguage\":\"en-US\"},{\"@type\":\"Organization\",\"@id\":\"https:\/\/www.ultragenyx.com\/ar\/#organization\",\"name\":\"Ultragenyx Argentina\",\"url\":\"https:\/\/www.ultragenyx.com\/ar\/\",\"logo\":{\"@type\":\"ImageObject\",\"inLanguage\":\"en-US\",\"@id\":\"https:\/\/www.ultragenyx.com\/ar\/#\/schema\/logo\/image\/\",\"url\":\"https:\/\/www.ultragenyx.com\/ar\/wp-content\/uploads\/sites\/3\/2023\/02\/ultragenyx-logo.png\",\"contentUrl\":\"https:\/\/www.ultragenyx.com\/ar\/wp-content\/uploads\/sites\/3\/2023\/02\/ultragenyx-logo.png\",\"width\":1000,\"height\":374,\"caption\":\"Ultragenyx Argentina\"},\"image\":{\"@id\":\"https:\/\/www.ultragenyx.com\/ar\/#\/schema\/logo\/image\/\"}}]}<\/script>\n<!-- \/ Yoast SEO plugin. -->","yoast_head_json":{"title":"Para profesionales de la salud - Ultragenyx","description":"Informaci\u00f3n para profesionales de la salud Argentinos","robots":{"index":"index","follow":"follow","max-snippet":"max-snippet:-1","max-image-preview":"max-image-preview:large","max-video-preview":"max-video-preview:-1"},"canonical":"https:\/\/www.ultragenyx.com\/ar\/our-products\/","og_locale":"en_US","og_type":"article","og_title":"Para profesionales de la salud (HCP)","og_description":"Informaci\u00f3n para profesionales de la salud Argentinos","og_url":"https:\/\/www.ultragenyx.com\/ar\/our-products\/","og_site_name":"Ultragenyx Argentina","article_modified_time":"2023-04-27T16:58:44+00:00","og_image":[{"url":"https:\/\/www.ultragenyx.com\/ar\/wp-content\/uploads\/sites\/3\/2023\/02\/Header-medicines-desk-new.jpg","type":"","width":"","height":""}],"twitter_card":"summary_large_image","twitter_misc":{"Est. reading time":"1 minute"},"schema":{"@context":"https:\/\/schema.org","@graph":[{"@type":"WebPage","@id":"https:\/\/www.ultragenyx.com\/ar\/our-products\/","url":"https:\/\/www.ultragenyx.com\/ar\/our-products\/","name":"Para profesionales de la salud - Ultragenyx","isPartOf":{"@id":"https:\/\/www.ultragenyx.com\/ar\/#website"},"primaryImageOfPage":{"@id":"https:\/\/www.ultragenyx.com\/ar\/our-products\/#primaryimage"},"image":{"@id":"https:\/\/www.ultragenyx.com\/ar\/our-products\/#primaryimage"},"thumbnailUrl":"https:\/\/www.ultragenyx.com\/ar\/wp-content\/uploads\/sites\/3\/2023\/02\/Header-medicines-desk-new.jpg","datePublished":"2023-02-14T13:15:02+00:00","dateModified":"2023-04-27T16:58:44+00:00","description":"Informaci\u00f3n para profesionales de la salud Argentinos","breadcrumb":{"@id":"https:\/\/www.ultragenyx.com\/ar\/our-products\/#breadcrumb"},"inLanguage":"en-US","potentialAction":[{"@type":"ReadAction","target":["https:\/\/www.ultragenyx.com\/ar\/our-products\/"]}]},{"@type":"ImageObject","inLanguage":"en-US","@id":"https:\/\/www.ultragenyx.com\/ar\/our-products\/#primaryimage","url":"https:\/\/www.ultragenyx.com\/ar\/wp-content\/uploads\/sites\/3\/2023\/02\/Header-medicines-desk-new.jpg","contentUrl":"https:\/\/www.ultragenyx.com\/ar\/wp-content\/uploads\/sites\/3\/2023\/02\/Header-medicines-desk-new.jpg","width":3396,"height":480},{"@type":"BreadcrumbList","@id":"https:\/\/www.ultragenyx.com\/ar\/our-products\/#breadcrumb","itemListElement":[{"@type":"ListItem","position":1,"name":"Home","item":"https:\/\/www.ultragenyx.com\/ar\/"},{"@type":"ListItem","position":2,"name":"Our Products"}]},{"@type":"WebSite","@id":"https:\/\/www.ultragenyx.com\/ar\/#website","url":"https:\/\/www.ultragenyx.com\/ar\/","name":"Ultragenyx Argentina","description":"","publisher":{"@id":"https:\/\/www.ultragenyx.com\/ar\/#organization"},"potentialAction":[{"@type":"SearchAction","target":{"@type":"EntryPoint","urlTemplate":"https:\/\/www.ultragenyx.com\/ar\/?s={search_term_string}"},"query-input":{"@type":"PropertyValueSpecification","valueRequired":true,"valueName":"search_term_string"}}],"inLanguage":"en-US"},{"@type":"Organization","@id":"https:\/\/www.ultragenyx.com\/ar\/#organization","name":"Ultragenyx Argentina","url":"https:\/\/www.ultragenyx.com\/ar\/","logo":{"@type":"ImageObject","inLanguage":"en-US","@id":"https:\/\/www.ultragenyx.com\/ar\/#\/schema\/logo\/image\/","url":"https:\/\/www.ultragenyx.com\/ar\/wp-content\/uploads\/sites\/3\/2023\/02\/ultragenyx-logo.png","contentUrl":"https:\/\/www.ultragenyx.com\/ar\/wp-content\/uploads\/sites\/3\/2023\/02\/ultragenyx-logo.png","width":1000,"height":374,"caption":"Ultragenyx Argentina"},"image":{"@id":"https:\/\/www.ultragenyx.com\/ar\/#\/schema\/logo\/image\/"}}]}},"_links":{"self":[{"href":"https:\/\/www.ultragenyx.com\/ar\/wp-json\/wp\/v2\/pages\/53","targetHints":{"allow":["GET"]}}],"collection":[{"href":"https:\/\/www.ultragenyx.com\/ar\/wp-json\/wp\/v2\/pages"}],"about":[{"href":"https:\/\/www.ultragenyx.com\/ar\/wp-json\/wp\/v2\/types\/page"}],"author":[{"embeddable":true,"href":"https:\/\/www.ultragenyx.com\/ar\/wp-json\/wp\/v2\/users\/1"}],"replies":[{"embeddable":true,"href":"https:\/\/www.ultragenyx.com\/ar\/wp-json\/wp\/v2\/comments?post=53"}],"version-history":[{"count":33,"href":"https:\/\/www.ultragenyx.com\/ar\/wp-json\/wp\/v2\/pages\/53\/revisions"}],"predecessor-version":[{"id":352,"href":"https:\/\/www.ultragenyx.com\/ar\/wp-json\/wp\/v2\/pages\/53\/revisions\/352"}],"wp:attachment":[{"href":"https:\/\/www.ultragenyx.com\/ar\/wp-json\/wp\/v2\/media?parent=53"}],"curies":[{"name":"wp","href":"https:\/\/api.w.org\/{rel}","templated":true}]}}